{"id":163,"date":"2023-12-05T12:21:04","date_gmt":"2023-12-05T11:21:04","guid":{"rendered":"https:\/\/www.poliklinikaslovany.cz\/?page_id=163"},"modified":"2024-01-30T12:11:56","modified_gmt":"2024-01-30T11:11:56","slug":"diabetologie-a-interna","status":"publish","type":"page","link":"https:\/\/www.poliklinikaslovany.cz\/index.php\/seznam-ordinaci\/diabetologie-a-interna\/","title":{"rendered":"Diabetologie a interna"},"content":{"rendered":"\n<p><strong>Ordinuj\u00edc\u00ed l\u00e9ka\u0159:<\/strong> MUDr. Jitka Zemanov\u00e1, doc. MUDr. Silvie Lacigov\u00e1 Ph.D.<\/p>\n\n\n\n<p><strong>Telefon:<\/strong> 378&nbsp;014&nbsp;224, diaslovany@seznam.cz<\/p>\n\n\n\n<p><strong>Um\u00edst\u011bn\u00ed:<\/strong> 3. patro, \u010d\u00e1st budovy A<\/p>\n\n\n\n<figure class=\"wp-block-table\"><table><thead><tr><th>Provozn\u00ed doba:<\/th><th>Od &#8211; Do<\/th><th>Od &#8211; Do<\/th><th>Pozn\u00e1mka<\/th><\/tr><\/thead><tbody><tr><td>pond\u011bl\u00ed<\/td><td>7:00 \u2013 14:30<\/td><td>\u2013\u00a0<\/td><td><\/td><\/tr><tr><td>\u00fater\u00fd<\/td><td>7:00 \u2013 16:30<\/td><td>\u2013\u00a0<\/td><td><\/td><\/tr><tr><td>st\u0159eda<\/td><td>7:00 \u2013 14:30<\/td><td>\u2013\u00a0<\/td><td><\/td><\/tr><tr><td>\u010dtvrtek<\/td><td>7:00 \u2013 14:30<\/td><td>\u2013\u00a0<\/td><td><\/td><\/tr><tr><td>p\u00e1tek<\/td><td>7:00 \u2013 13:00<\/td><td>\u2013\u00a0<\/td><td><\/td><\/tr><\/tbody><\/table><\/figure>\n","protected":false},"excerpt":{"rendered":"<p>Ordinuj\u00edc\u00ed l\u00e9ka\u0159: MUDr. Jitka Zemanov\u00e1, doc. MUDr. Silvie Lacigov\u00e1 Ph.D. Telefon: 378&nbsp;014&nbsp;224, diaslovany@seznam.cz Um\u00edst\u011bn\u00ed: 3. patro, \u010d\u00e1st budovy A Provozn\u00ed doba: Od &#8211; Do Od [&#8230;]<\/p>\n","protected":false},"author":1,"featured_media":0,"parent":71,"menu_order":0,"comment_status":"closed","ping_status":"closed","template":"templates\/template-fullwidth.php","meta":{"footnotes":""},"class_list":["post-163","page","type-page","status-publish","hentry"],"acf":[],"_links":{"self":[{"href":"https:\/\/www.poliklinikaslovany.cz\/index.php\/wp-json\/wp\/v2\/pages\/163","targetHints":{"allow":["GET"]}}],"collection":[{"href":"https:\/\/www.poliklinikaslovany.cz\/index.php\/wp-json\/wp\/v2\/pages"}],"about":[{"href":"https:\/\/www.poliklinikaslovany.cz\/index.php\/wp-json\/wp\/v2\/types\/page"}],"author":[{"embeddable":true,"href":"https:\/\/www.poliklinikaslovany.cz\/index.php\/wp-json\/wp\/v2\/users\/1"}],"replies":[{"embeddable":true,"href":"https:\/\/www.poliklinikaslovany.cz\/index.php\/wp-json\/wp\/v2\/comments?post=163"}],"version-history":[{"count":3,"href":"https:\/\/www.poliklinikaslovany.cz\/index.php\/wp-json\/wp\/v2\/pages\/163\/revisions"}],"predecessor-version":[{"id":434,"href":"https:\/\/www.poliklinikaslovany.cz\/index.php\/wp-json\/wp\/v2\/pages\/163\/revisions\/434"}],"up":[{"embeddable":true,"href":"https:\/\/www.poliklinikaslovany.cz\/index.php\/wp-json\/wp\/v2\/pages\/71"}],"wp:attachment":[{"href":"https:\/\/www.poliklinikaslovany.cz\/index.php\/wp-json\/wp\/v2\/media?parent=163"}],"curies":[{"name":"wp","href":"https:\/\/api.w.org\/{rel}","templated":true}]}}