{"id":19,"date":"2023-11-30T21:54:14","date_gmt":"2023-11-30T20:54:14","guid":{"rendered":"https:\/\/www.poliklinikaslovany.cz\/?page_id=19"},"modified":"2024-03-01T10:25:37","modified_gmt":"2024-03-01T09:25:37","slug":"kontakt","status":"publish","type":"page","link":"https:\/\/www.poliklinikaslovany.cz\/index.php\/kontakt\/","title":{"rendered":"Kontakt"},"content":{"rendered":"\n<div class=\"wp-block-columns is-layout-flex wp-container-core-columns-is-layout-9d6595d7 wp-block-columns-is-layout-flex\">\n<div class=\"wp-block-column is-layout-flow wp-block-column-is-layout-flow\">\n<p><strong>Poliklinika Plze\u0148 Slovany, s. r. o.<\/strong><\/p>\n\n\n\n<p>Francouzsk\u00e1 t\u0159\u00edda 4, 326 00 Plze\u0148<\/p>\n<\/div>\n\n\n\n<div class=\"wp-block-column is-layout-flow wp-block-column-is-layout-flow\">\n<p>Tel: <a href=\"tel:+420378014111\">+420 378 014 111<\/a><\/p>\n\n\n\n<p>E-mail: <a href=\"mailto: info@poliklinikaslovany.cz\">info@poliklinikaslovany.cz<\/a><\/p>\n<\/div>\n<\/div>\n\n\n\n<div class=\"wp-block-cover alignfull is-layout-constrained wp-block-cover-is-layout-constrained\">\n<span aria-hidden=\"true\" class=\"wp-block-cover__background has-background-dim-100 has-background-dim\">\n<iframe src=\"https:\/\/www.google.com\/maps\/embed?pb=!1m18!1m12!1m3!1d2578.9046121830092!2d13.400976558398956!3d49.731420643568676!2m3!1f0!2f0!3f0!3m2!1i1024!2i768!4f13.1!3m3!1m2!1s0x470aee28d78fe02f%3A0xfc3353cd66ea66e2!2sM%C4%9Bstsk%C3%A1%20poliklinika%20Plze%C5%88%2C%20spol.%20s%20r.o.%2C%20provozovatel%20polikliniky%20Slovany!5e0!3m2!1scs!2scz!4v1701632145394!5m2!1scs!2scz\" width=\"1400\" height=\"450\" style=\"border:0;\" allowfullscreen=\"\" loading=\"lazy\" referrerpolicy=\"no-referrer-when-downgrade\"><\/iframe>\n<\/span>\n<div class=\"wp-block-cover__inner-container\"><\/div>\n<\/div>\n","protected":false},"excerpt":{"rendered":"<p>Poliklinika Plze\u0148 Slovany, s. r. o. Francouzsk\u00e1 t\u0159\u00edda 4, 326 00 Plze\u0148 Tel: +420 378 014 111 E-mail: info@poliklinikaslovany.cz<\/p>\n","protected":false},"author":1,"featured_media":0,"parent":0,"menu_order":0,"comment_status":"closed","ping_status":"closed","template":"templates\/template-fullwidth.php","meta":{"footnotes":""},"class_list":["post-19","page","type-page","status-publish","hentry"],"acf":[],"_links":{"self":[{"href":"https:\/\/www.poliklinikaslovany.cz\/index.php\/wp-json\/wp\/v2\/pages\/19","targetHints":{"allow":["GET"]}}],"collection":[{"href":"https:\/\/www.poliklinikaslovany.cz\/index.php\/wp-json\/wp\/v2\/pages"}],"about":[{"href":"https:\/\/www.poliklinikaslovany.cz\/index.php\/wp-json\/wp\/v2\/types\/page"}],"author":[{"embeddable":true,"href":"https:\/\/www.poliklinikaslovany.cz\/index.php\/wp-json\/wp\/v2\/users\/1"}],"replies":[{"embeddable":true,"href":"https:\/\/www.poliklinikaslovany.cz\/index.php\/wp-json\/wp\/v2\/comments?post=19"}],"version-history":[{"count":12,"href":"https:\/\/www.poliklinikaslovany.cz\/index.php\/wp-json\/wp\/v2\/pages\/19\/revisions"}],"predecessor-version":[{"id":450,"href":"https:\/\/www.poliklinikaslovany.cz\/index.php\/wp-json\/wp\/v2\/pages\/19\/revisions\/450"}],"wp:attachment":[{"href":"https:\/\/www.poliklinikaslovany.cz\/index.php\/wp-json\/wp\/v2\/media?parent=19"}],"curies":[{"name":"wp","href":"https:\/\/api.w.org\/{rel}","templated":true}]}}