{"id":262,"date":"2023-12-10T21:33:07","date_gmt":"2023-12-10T20:33:07","guid":{"rendered":"https:\/\/www.poliklinikaslovany.cz\/?page_id=262"},"modified":"2023-12-10T21:35:50","modified_gmt":"2023-12-10T20:35:50","slug":"kalmetizace","status":"publish","type":"page","link":"https:\/\/www.poliklinikaslovany.cz\/index.php\/seznam-ordinaci\/kalmetizace\/","title":{"rendered":"Kalmetizace"},"content":{"rendered":"\n<p><strong>Ordinace:<\/strong>&nbsp;O\u010dkov\u00e1n\u00ed proti TBC<\/p>\n\n\n\n<p><strong>Telefon:&nbsp;<\/strong><\/p>\n\n\n\n<p><strong>Um\u00edst\u011bn\u00ed:<\/strong>&nbsp;Od 1.1.2022 ji\u017e nen\u00ed slu\u017eba na\u0161\u00ed poliklinikou poskytov\u00e1na (nejbli\u017e\u0161\u00ed pracovi\u0161t\u011b zaji\u0161\u0165uj\u00edc\u00ed o\u010dkov\u00e1n\u00ed proti TBC: EUC Klinika Plze\u0148 s.r.o., Denisovo n\u00e1b\u0159e\u017e\u00ed 1000\/4, 301 00 Plze\u0148 )<\/p>\n\n\n\n<figure class=\"wp-block-table\"><table><thead><tr><th>Provozn\u00ed doba:<\/th><th>Od &#8211; Do<\/th><th>Od &#8211; Do<\/th><th>Pozn\u00e1mka<\/th><\/tr><\/thead><tbody><tr><td>pond\u011bl\u00ed<\/td><td>Zav\u0159eno<\/td><td>&#8211;<\/td><td><\/td><\/tr><tr><td>\u00fater\u00fd<\/td><td>Zav\u0159eno<\/td><td>&#8211;<\/td><td><\/td><\/tr><tr><td>st\u0159eda<\/td><td>Zav\u0159eno<\/td><td>&#8211;<\/td><td><\/td><\/tr><tr><td>\u010dtvrtek<\/td><td>Zav\u0159eno<\/td><td>&#8211;<\/td><td><\/td><\/tr><tr><td>p\u00e1tek<\/td><td>Zav\u0159eno<\/td><td>&#8211;<\/td><td><\/td><\/tr><\/tbody><\/table><\/figure>\n\n\n\n<p><a href=\"http:\/\/old.poliklinikaslovany.cz\/seznam-ordinaci\"><\/a><\/p>\n","protected":false},"excerpt":{"rendered":"<p>Ordinace:&nbsp;O\u010dkov\u00e1n\u00ed proti TBC Telefon:&nbsp; Um\u00edst\u011bn\u00ed:&nbsp;Od 1.1.2022 ji\u017e nen\u00ed slu\u017eba na\u0161\u00ed poliklinikou poskytov\u00e1na (nejbli\u017e\u0161\u00ed pracovi\u0161t\u011b zaji\u0161\u0165uj\u00edc\u00ed o\u010dkov\u00e1n\u00ed proti TBC: EUC Klinika Plze\u0148 s.r.o., Denisovo n\u00e1b\u0159e\u017e\u00ed 1000\/4, [&#8230;]<\/p>\n","protected":false},"author":1,"featured_media":0,"parent":71,"menu_order":0,"comment_status":"closed","ping_status":"closed","template":"","meta":{"footnotes":""},"class_list":["post-262","page","type-page","status-publish","hentry"],"acf":[],"_links":{"self":[{"href":"https:\/\/www.poliklinikaslovany.cz\/index.php\/wp-json\/wp\/v2\/pages\/262","targetHints":{"allow":["GET"]}}],"collection":[{"href":"https:\/\/www.poliklinikaslovany.cz\/index.php\/wp-json\/wp\/v2\/pages"}],"about":[{"href":"https:\/\/www.poliklinikaslovany.cz\/index.php\/wp-json\/wp\/v2\/types\/page"}],"author":[{"embeddable":true,"href":"https:\/\/www.poliklinikaslovany.cz\/index.php\/wp-json\/wp\/v2\/users\/1"}],"replies":[{"embeddable":true,"href":"https:\/\/www.poliklinikaslovany.cz\/index.php\/wp-json\/wp\/v2\/comments?post=262"}],"version-history":[{"count":1,"href":"https:\/\/www.poliklinikaslovany.cz\/index.php\/wp-json\/wp\/v2\/pages\/262\/revisions"}],"predecessor-version":[{"id":263,"href":"https:\/\/www.poliklinikaslovany.cz\/index.php\/wp-json\/wp\/v2\/pages\/262\/revisions\/263"}],"up":[{"embeddable":true,"href":"https:\/\/www.poliklinikaslovany.cz\/index.php\/wp-json\/wp\/v2\/pages\/71"}],"wp:attachment":[{"href":"https:\/\/www.poliklinikaslovany.cz\/index.php\/wp-json\/wp\/v2\/media?parent=262"}],"curies":[{"name":"wp","href":"https:\/\/api.w.org\/{rel}","templated":true}]}}