{"id":266,"date":"2023-12-10T21:33:44","date_gmt":"2023-12-10T20:33:44","guid":{"rendered":"https:\/\/www.poliklinikaslovany.cz\/?page_id=266"},"modified":"2026-01-07T12:43:25","modified_gmt":"2026-01-07T11:43:25","slug":"lekarna-a-vydejna-zdravotnickych-potreb","status":"publish","type":"page","link":"https:\/\/www.poliklinikaslovany.cz\/index.php\/seznam-ordinaci\/lekarna-a-vydejna-zdravotnickych-potreb\/","title":{"rendered":"L\u00e9k\u00e1rna"},"content":{"rendered":"\n<p><strong>Provozovna:<\/strong>&nbsp;L\u00e9k\u00e1rna<\/p>\n\n\n\n<p><strong>Provozovatel:\u00a0<\/strong>Lekia Mettau, s.r.o.<\/p>\n\n\n\n<p><strong>Um\u00edst\u011bn\u00ed:<\/strong>\u00a0p\u0159\u00edzem\u00ed, hlavn\u00ed vestibul<\/p>\n\n\n\n<p><strong>Telefon:<\/strong>\u00a0+420 733 689 493<\/p>\n\n\n\n<figure class=\"wp-block-table\"><table><thead><tr><th>Provozn\u00ed doba:<\/th><th class=\"has-text-align-center\" data-align=\"center\">Od &#8211; Do<\/th><th class=\"has-text-align-center\" data-align=\"center\">Od &#8211; Do<\/th><th>Pozn\u00e1mka<\/th><\/tr><\/thead><tbody><tr><td>pond\u011bl\u00ed<\/td><td class=\"has-text-align-center\" data-align=\"center\">7:00 \u2013 16:00<\/td><td class=\"has-text-align-center\" data-align=\"center\">&#8211;<\/td><td><\/td><\/tr><tr><td>\u00fater\u00fd<\/td><td class=\"has-text-align-center\" data-align=\"center\">7:00 \u2013 16:00<\/td><td class=\"has-text-align-center\" data-align=\"center\">&#8211;<\/td><td><\/td><\/tr><tr><td>st\u0159eda<\/td><td class=\"has-text-align-center\" data-align=\"center\">7:00 \u2013 16:00<\/td><td class=\"has-text-align-center\" data-align=\"center\">&#8211;<\/td><td><\/td><\/tr><tr><td>\u010dtvrtek<\/td><td class=\"has-text-align-center\" data-align=\"center\">7:00 \u2013 16:00<\/td><td class=\"has-text-align-center\" data-align=\"center\">&#8211;<\/td><td><\/td><\/tr><tr><td>p\u00e1tek<\/td><td class=\"has-text-align-center\" data-align=\"center\">7:00 \u2013 16:00<\/td><td class=\"has-text-align-center\" data-align=\"center\">&#8211;<\/td><td><\/td><\/tr><\/tbody><\/table><\/figure>\n\n\n\n<p><a href=\"http:\/\/old.poliklinikaslovany.cz\/seznam-ordinaci\">Zp\u011bt<\/a><\/p>\n","protected":false},"excerpt":{"rendered":"<p>Provozovna:&nbsp;L\u00e9k\u00e1rna Provozovatel:\u00a0Lekia Mettau, s.r.o. Um\u00edst\u011bn\u00ed:\u00a0p\u0159\u00edzem\u00ed, hlavn\u00ed vestibul Telefon:\u00a0+420 733 689 493 Provozn\u00ed doba: Od &#8211; Do Od &#8211; Do Pozn\u00e1mka pond\u011bl\u00ed 7:00 \u2013 16:00 &#8211; [&#8230;]<\/p>\n","protected":false},"author":1,"featured_media":0,"parent":71,"menu_order":0,"comment_status":"closed","ping_status":"closed","template":"","meta":{"footnotes":""},"class_list":["post-266","page","type-page","status-publish","hentry"],"acf":[],"_links":{"self":[{"href":"https:\/\/www.poliklinikaslovany.cz\/index.php\/wp-json\/wp\/v2\/pages\/266","targetHints":{"allow":["GET"]}}],"collection":[{"href":"https:\/\/www.poliklinikaslovany.cz\/index.php\/wp-json\/wp\/v2\/pages"}],"about":[{"href":"https:\/\/www.poliklinikaslovany.cz\/index.php\/wp-json\/wp\/v2\/types\/page"}],"author":[{"embeddable":true,"href":"https:\/\/www.poliklinikaslovany.cz\/index.php\/wp-json\/wp\/v2\/users\/1"}],"replies":[{"embeddable":true,"href":"https:\/\/www.poliklinikaslovany.cz\/index.php\/wp-json\/wp\/v2\/comments?post=266"}],"version-history":[{"count":6,"href":"https:\/\/www.poliklinikaslovany.cz\/index.php\/wp-json\/wp\/v2\/pages\/266\/revisions"}],"predecessor-version":[{"id":649,"href":"https:\/\/www.poliklinikaslovany.cz\/index.php\/wp-json\/wp\/v2\/pages\/266\/revisions\/649"}],"up":[{"embeddable":true,"href":"https:\/\/www.poliklinikaslovany.cz\/index.php\/wp-json\/wp\/v2\/pages\/71"}],"wp:attachment":[{"href":"https:\/\/www.poliklinikaslovany.cz\/index.php\/wp-json\/wp\/v2\/media?parent=266"}],"curies":[{"name":"wp","href":"https:\/\/api.w.org\/{rel}","templated":true}]}}