{"id":274,"date":"2023-12-10T21:34:48","date_gmt":"2023-12-10T20:34:48","guid":{"rendered":"https:\/\/www.poliklinikaslovany.cz\/?page_id=274"},"modified":"2024-01-22T10:22:38","modified_gmt":"2024-01-22T09:22:38","slug":"odberova-mistnost","status":"publish","type":"page","link":"https:\/\/www.poliklinikaslovany.cz\/index.php\/seznam-ordinaci\/odberova-mistnost\/","title":{"rendered":"Odb\u011brov\u00e1 m\u00edstnost"},"content":{"rendered":"\n<p><strong>Provozovatel:<\/strong>&nbsp;Privamed, a.s.<\/p>\n\n\n\n<p><strong>Telefon:<\/strong>&nbsp;378&nbsp;014&nbsp;246<\/p>\n\n\n\n<p><strong>Um\u00edst\u011bn\u00ed:<\/strong>&nbsp;1. patro, \u010d\u00e1st budovy A<\/p>\n\n\n\n<figure class=\"wp-block-table\"><table><thead><tr><th>Provozn\u00ed doba:<\/th><th>Od &#8211; Do<\/th><th>Od &#8211; Do<\/th><th>Pozn\u00e1mka<\/th><\/tr><\/thead><tbody><tr><td>pond\u011bl\u00ed<\/td><td>7:00 \u2013 11:00<\/td><td>12:00 \u2013 15:00<\/td><td>* p\u0159\u00edjem vzork\u016f nejpozd\u011bji do 13:00<\/td><\/tr><tr><td>\u00fater\u00fd<\/td><td>7:00 \u2013 11:00<\/td><td>12:00 \u2013 15:00<\/td><td>* p\u0159\u00edjem vzork\u016f nejpozd\u011bji do 13:00<\/td><\/tr><tr><td>st\u0159eda<\/td><td>7:00 \u2013 11:00<\/td><td>12:00 \u2013 15:00<\/td><td>* p\u0159\u00edjem vzork\u016f nejpozd\u011bji do 13:00<\/td><\/tr><tr><td>\u010dtvrtek<\/td><td>7:00 \u2013 11:00<\/td><td>12:00 \u2013 15:00<\/td><td>* p\u0159\u00edjem vzork\u016f nejpozd\u011bji do 13:00<\/td><\/tr><tr><td>p\u00e1tek<\/td><td>7:00 \u2013 11:00<\/td><td>12:00 \u2013 15:00<\/td><td>* p\u0159\u00edjem vzork\u016f nejpozd\u011bji do 13:00<\/td><\/tr><\/tbody><\/table><\/figure>\n","protected":false},"excerpt":{"rendered":"<p>Provozovatel:&nbsp;Privamed, a.s. Telefon:&nbsp;378&nbsp;014&nbsp;246 Um\u00edst\u011bn\u00ed:&nbsp;1. patro, \u010d\u00e1st budovy A Provozn\u00ed doba: Od &#8211; Do Od &#8211; Do Pozn\u00e1mka pond\u011bl\u00ed 7:00 \u2013 11:00 12:00 \u2013 15:00 * [&#8230;]<\/p>\n","protected":false},"author":1,"featured_media":0,"parent":71,"menu_order":0,"comment_status":"closed","ping_status":"closed","template":"","meta":{"footnotes":""},"class_list":["post-274","page","type-page","status-publish","hentry"],"acf":[],"_links":{"self":[{"href":"https:\/\/www.poliklinikaslovany.cz\/index.php\/wp-json\/wp\/v2\/pages\/274","targetHints":{"allow":["GET"]}}],"collection":[{"href":"https:\/\/www.poliklinikaslovany.cz\/index.php\/wp-json\/wp\/v2\/pages"}],"about":[{"href":"https:\/\/www.poliklinikaslovany.cz\/index.php\/wp-json\/wp\/v2\/types\/page"}],"author":[{"embeddable":true,"href":"https:\/\/www.poliklinikaslovany.cz\/index.php\/wp-json\/wp\/v2\/users\/1"}],"replies":[{"embeddable":true,"href":"https:\/\/www.poliklinikaslovany.cz\/index.php\/wp-json\/wp\/v2\/comments?post=274"}],"version-history":[{"count":2,"href":"https:\/\/www.poliklinikaslovany.cz\/index.php\/wp-json\/wp\/v2\/pages\/274\/revisions"}],"predecessor-version":[{"id":364,"href":"https:\/\/www.poliklinikaslovany.cz\/index.php\/wp-json\/wp\/v2\/pages\/274\/revisions\/364"}],"up":[{"embeddable":true,"href":"https:\/\/www.poliklinikaslovany.cz\/index.php\/wp-json\/wp\/v2\/pages\/71"}],"wp:attachment":[{"href":"https:\/\/www.poliklinikaslovany.cz\/index.php\/wp-json\/wp\/v2\/media?parent=274"}],"curies":[{"name":"wp","href":"https:\/\/api.w.org\/{rel}","templated":true}]}}