{"id":276,"date":"2023-12-10T21:35:04","date_gmt":"2023-12-10T20:35:04","guid":{"rendered":"https:\/\/www.poliklinikaslovany.cz\/?page_id=276"},"modified":"2025-03-12T10:36:28","modified_gmt":"2025-03-12T09:36:28","slug":"orl-ambulance","status":"publish","type":"page","link":"https:\/\/www.poliklinikaslovany.cz\/index.php\/seznam-ordinaci\/orl-ambulance\/","title":{"rendered":"ORL ambulance"},"content":{"rendered":"\n<p><strong>Ordinuj\u00edc\u00ed l\u00e9ka\u0159:<\/strong>\u00a0MUDr. Adriana Honomichlov\u00e1<\/p>\n\n\n\n<p><strong>Telefon:&nbsp;<\/strong>725 544 610<\/p>\n\n\n\n<p><strong>Um\u00edst\u011bn\u00ed:<\/strong>&nbsp;2. patro, \u010d\u00e1st budovy A<\/p>\n\n\n\n<figure class=\"wp-block-table\"><table><thead><tr><th>Provozn\u00ed doba:<\/th><th>Od &#8211; Do<\/th><th>Od &#8211; Do<\/th><th>Pozn\u00e1mka<\/th><\/tr><\/thead><tbody><tr><td>pond\u011bl\u00ed<\/td><td>7:30 \u2013 11:30<\/td><td>12:30 &#8211; 15:00<\/td><td>odpoledne pouze pro objednan\u00e9 pacienty<\/td><\/tr><tr><td>\u00fater\u00fd<\/td><td>7:00\u2013 11:30<\/td><td>12:30 \u2013 15:00<\/td><td>odpoledne pouze pro objednan\u00e9 pacienty<\/td><\/tr><tr><td>st\u0159eda<\/td><td>7:30 \u2013 11:30<\/td><td>12:30 \u2013 15:00<\/td><td>odpoledne pouze pro objednan\u00e9 pacienty<\/td><\/tr><tr><td>\u010dtvrtek<\/td><td>7:00 \u2013 11:30<\/td><td>12:30 \u2013 15:00<\/td><td>odpoledne pouze pro objednan\u00e9 pacienty<\/td><\/tr><tr><td>p\u00e1tek<\/td><td>7:30 \u2013 11:30<\/td><td>&#8211;<\/td><\/tr><\/tbody><\/table><\/figure>\n\n\n\n<p><\/p>\n","protected":false},"excerpt":{"rendered":"<p>Ordinuj\u00edc\u00ed l\u00e9ka\u0159:\u00a0MUDr. Adriana Honomichlov\u00e1 Telefon:&nbsp;725 544 610 Um\u00edst\u011bn\u00ed:&nbsp;2. patro, \u010d\u00e1st budovy A Provozn\u00ed doba: Od &#8211; Do Od &#8211; Do Pozn\u00e1mka pond\u011bl\u00ed 7:30 \u2013 11:30 [&#8230;]<\/p>\n","protected":false},"author":1,"featured_media":0,"parent":71,"menu_order":0,"comment_status":"closed","ping_status":"closed","template":"","meta":{"footnotes":""},"class_list":["post-276","page","type-page","status-publish","hentry"],"acf":[],"_links":{"self":[{"href":"https:\/\/www.poliklinikaslovany.cz\/index.php\/wp-json\/wp\/v2\/pages\/276","targetHints":{"allow":["GET"]}}],"collection":[{"href":"https:\/\/www.poliklinikaslovany.cz\/index.php\/wp-json\/wp\/v2\/pages"}],"about":[{"href":"https:\/\/www.poliklinikaslovany.cz\/index.php\/wp-json\/wp\/v2\/types\/page"}],"author":[{"embeddable":true,"href":"https:\/\/www.poliklinikaslovany.cz\/index.php\/wp-json\/wp\/v2\/users\/1"}],"replies":[{"embeddable":true,"href":"https:\/\/www.poliklinikaslovany.cz\/index.php\/wp-json\/wp\/v2\/comments?post=276"}],"version-history":[{"count":4,"href":"https:\/\/www.poliklinikaslovany.cz\/index.php\/wp-json\/wp\/v2\/pages\/276\/revisions"}],"predecessor-version":[{"id":559,"href":"https:\/\/www.poliklinikaslovany.cz\/index.php\/wp-json\/wp\/v2\/pages\/276\/revisions\/559"}],"up":[{"embeddable":true,"href":"https:\/\/www.poliklinikaslovany.cz\/index.php\/wp-json\/wp\/v2\/pages\/71"}],"wp:attachment":[{"href":"https:\/\/www.poliklinikaslovany.cz\/index.php\/wp-json\/wp\/v2\/media?parent=276"}],"curies":[{"name":"wp","href":"https:\/\/api.w.org\/{rel}","templated":true}]}}