{"id":288,"date":"2023-12-10T21:42:32","date_gmt":"2023-12-10T20:42:32","guid":{"rendered":"https:\/\/www.poliklinikaslovany.cz\/?page_id=288"},"modified":"2023-12-10T21:46:30","modified_gmt":"2023-12-10T20:46:30","slug":"ortopedie-ambulance","status":"publish","type":"page","link":"https:\/\/www.poliklinikaslovany.cz\/index.php\/seznam-ordinaci\/ortopedie-ambulance\/","title":{"rendered":"Ortopedie ambulance"},"content":{"rendered":"\n<p><strong>Ordinuj\u00edc\u00ed l\u00e9ka\u0159:<\/strong>&nbsp;MUDr. Jan Peln\u00e1\u0159<\/p>\n\n\n\n<p><strong>Telefon:<\/strong>&nbsp;378&nbsp;014&nbsp;217<\/p>\n\n\n\n<p><strong>Um\u00edst\u011bn\u00ed:<\/strong>&nbsp;2. patro, \u010d\u00e1st budovy B<\/p>\n\n\n\n<figure class=\"wp-block-table\"><table><thead><tr><th>Provozn\u00ed doba:<\/th><th>Od &#8211; Do<\/th><th>Od &#8211; Do<\/th><th>Pozn\u00e1mka<\/th><\/tr><\/thead><tbody><tr><td>pond\u011bl\u00ed<\/td><td>7:00 &#8211; 13:30<\/td><td><\/td><td><\/td><\/tr><tr><td>\u00fater\u00fd<\/td><td>7:00 &#8211; 16:00<\/td><td><\/td><td><\/td><\/tr><tr><td>st\u0159eda<\/td><td>7:00 &#8211; 13:30<\/td><td><\/td><td><\/td><\/tr><tr><td>\u010dtvrtek<\/td><td>7:00 &#8211; 16:00<\/td><td><\/td><td><\/td><\/tr><tr><td>p\u00e1tek<\/td><td>7:00 &#8211; 14:00<\/td><td><\/td><td><\/td><\/tr><\/tbody><\/table><\/figure>\n\n\n\n<p><a href=\"http:\/\/old.poliklinikaslovany.cz\/seznam-ordinaci\"><\/a><\/p>\n","protected":false},"excerpt":{"rendered":"<p>Ordinuj\u00edc\u00ed l\u00e9ka\u0159:&nbsp;MUDr. Jan Peln\u00e1\u0159 Telefon:&nbsp;378&nbsp;014&nbsp;217 Um\u00edst\u011bn\u00ed:&nbsp;2. patro, \u010d\u00e1st budovy B Provozn\u00ed doba: Od &#8211; Do Od &#8211; Do Pozn\u00e1mka pond\u011bl\u00ed 7:00 &#8211; 13:30 \u00fater\u00fd 7:00 [&#8230;]<\/p>\n","protected":false},"author":1,"featured_media":0,"parent":71,"menu_order":0,"comment_status":"closed","ping_status":"closed","template":"","meta":{"footnotes":""},"class_list":["post-288","page","type-page","status-publish","hentry"],"acf":[],"_links":{"self":[{"href":"https:\/\/www.poliklinikaslovany.cz\/index.php\/wp-json\/wp\/v2\/pages\/288","targetHints":{"allow":["GET"]}}],"collection":[{"href":"https:\/\/www.poliklinikaslovany.cz\/index.php\/wp-json\/wp\/v2\/pages"}],"about":[{"href":"https:\/\/www.poliklinikaslovany.cz\/index.php\/wp-json\/wp\/v2\/types\/page"}],"author":[{"embeddable":true,"href":"https:\/\/www.poliklinikaslovany.cz\/index.php\/wp-json\/wp\/v2\/users\/1"}],"replies":[{"embeddable":true,"href":"https:\/\/www.poliklinikaslovany.cz\/index.php\/wp-json\/wp\/v2\/comments?post=288"}],"version-history":[{"count":1,"href":"https:\/\/www.poliklinikaslovany.cz\/index.php\/wp-json\/wp\/v2\/pages\/288\/revisions"}],"predecessor-version":[{"id":289,"href":"https:\/\/www.poliklinikaslovany.cz\/index.php\/wp-json\/wp\/v2\/pages\/288\/revisions\/289"}],"up":[{"embeddable":true,"href":"https:\/\/www.poliklinikaslovany.cz\/index.php\/wp-json\/wp\/v2\/pages\/71"}],"wp:attachment":[{"href":"https:\/\/www.poliklinikaslovany.cz\/index.php\/wp-json\/wp\/v2\/media?parent=288"}],"curies":[{"name":"wp","href":"https:\/\/api.w.org\/{rel}","templated":true}]}}