{"id":290,"date":"2023-12-10T21:42:52","date_gmt":"2023-12-10T20:42:52","guid":{"rendered":"https:\/\/www.poliklinikaslovany.cz\/?page_id=290"},"modified":"2025-10-23T10:53:46","modified_gmt":"2025-10-23T08:53:46","slug":"ostatni-provozovny","status":"publish","type":"page","link":"https:\/\/www.poliklinikaslovany.cz\/index.php\/seznam-ordinaci\/ostatni-provozovny\/","title":{"rendered":"Ostatn\u00ed provozovny"},"content":{"rendered":"\n<p><strong>Provozovna:<\/strong>&nbsp;Kade\u0159nictv\u00ed<\/p>\n\n\n\n<p><strong>Zodpov\u011bdn\u00e1 osoba:<\/strong>&nbsp;Martina Severov\u00e1<\/p>\n\n\n\n<p><strong>Telefon:<\/strong>&nbsp;378&nbsp;0143&nbsp;14<\/p>\n\n\n\n<p><strong>Um\u00edst\u011bn\u00ed:<\/strong>&nbsp;p\u0159\u00edzem\u00ed, \u010d\u00e1st budovy A<\/p>\n\n\n\n<figure class=\"wp-block-table\"><table><thead><tr><th>Provozn\u00ed doba:<\/th><th>Od &#8211; Do<\/th><th>Od &#8211; Do<\/th><th>Pozn\u00e1mka<\/th><\/tr><\/thead><tbody><tr><td>pond\u011bl\u00ed<\/td><td>07:00 &#8211; 13:00<\/td><td>*<\/td><td>*odpoledne dle objedn\u00e1vek<\/td><\/tr><tr><td>\u00fater\u00fd<\/td><td>07:00 &#8211; 10:00<\/td><td>14:00 &#8211; 18:00<\/td><td><\/td><\/tr><tr><td>st\u0159eda<\/td><td>07:00 &#8211; 12:00<\/td><td>12:00 &#8211; 13:00 **<\/td><td>** pouze pro zvan\u00e9<\/td><\/tr><tr><td>\u010dtvrtek<\/td><td>07:00 &#8211; 13:00<\/td><td>*<\/td><td><\/td><\/tr><tr><td>p\u00e1tek<\/td><td>07:00 &#8211; 12:00<\/td><td>*<\/td><td><\/td><\/tr><\/tbody><\/table><\/figure>\n\n\n\n<p><strong>Provozovna:<\/strong>&nbsp;Pedik\u00fara<\/p>\n\n\n\n<p><strong>Zodpov\u011bdn\u00e1 osoba:<\/strong>&nbsp;Blanka \u010cern\u00e1<\/p>\n\n\n\n<p><strong>Telefon:<\/strong>&nbsp;607&nbsp;909&nbsp;906<\/p>\n\n\n\n<p><strong>Um\u00edst\u011bn\u00ed:<\/strong>&nbsp;p\u0159\u00edzem\u00ed, \u010d\u00e1st budovy B<\/p>\n\n\n\n<figure class=\"wp-block-table\"><table><thead><tr><th>Provozn\u00ed doba:<\/th><th>Od &#8211; Do<\/th><th>Od &#8211; Do<\/th><th>Pozn\u00e1mka<\/th><\/tr><\/thead><tbody><tr><td>pond\u011bl\u00ed<\/td><td>dle objedn\u00e1vek<\/td><td>&#8211;<\/td><td><\/td><\/tr><tr><td>\u00fater\u00fd<\/td><td>dle objedn\u00e1vek<\/td><td>&#8211;<\/td><td><\/td><\/tr><tr><td>st\u0159eda<\/td><td>dle objedn\u00e1vek<\/td><td>&#8211;<\/td><td><\/td><\/tr><tr><td>\u010dtvrtek<\/td><td>dle objedn\u00e1vek<\/td><td>&#8211;<\/td><td><\/td><\/tr><tr><td>p\u00e1tek<\/td><td>dle objedn\u00e1vek<\/td><td>&#8211;<\/td><td><\/td><\/tr><\/tbody><\/table><\/figure>\n\n\n\n<p><\/p>\n\n\n\n<p><strong>Provozovna:<\/strong>&nbsp;Kosmetika, mas\u00e1\u017ee, v\u00fd\u017eivov\u00e9 poradenstv\u00ed<\/p>\n\n\n\n<p><strong>Zodpov\u011bdn\u00e1 osoba:&nbsp;<\/strong>Lenka V\u00e1clav\u00edkov\u00e1<\/p>\n\n\n\n<p><strong>Telefon:<\/strong>&nbsp;730&nbsp;541&nbsp;225<\/p>\n\n\n\n<p><strong>Um\u00edst\u011bn\u00ed:<\/strong>&nbsp;3. patro, \u010d\u00e1st budovy A<\/p>\n\n\n\n<figure class=\"wp-block-table\"><table><thead><tr><th>Provozn\u00ed doba:<\/th><th>Od &#8211; Do<\/th><th>Od &#8211; Do<\/th><th>Pozn\u00e1mka<\/th><\/tr><\/thead><tbody><tr><td>pond\u011bl\u00ed<\/td><td>dle objedn\u00e1vek<\/td><td>&#8211;<\/td><td><\/td><\/tr><tr><td>\u00fater\u00fd<\/td><td>dle objedn\u00e1vek<\/td><td>&#8211;<\/td><td><\/td><\/tr><tr><td>st\u0159eda<\/td><td>dle objedn\u00e1vek<\/td><td>&#8211;<\/td><td><\/td><\/tr><tr><td>\u010dtvrtek<\/td><td>dle objedn\u00e1vek<\/td><td>&#8211;<\/td><td><\/td><\/tr><tr><td>p\u00e1tek<\/td><td>dle objedn\u00e1vek<\/td><td>&#8211;<\/td><td><\/td><\/tr><\/tbody><\/table><\/figure>\n\n\n\n<p><strong>Provozovna:<\/strong>&nbsp;Kosmetika<\/p>\n\n\n\n<p><strong>Zodpov\u011bdn\u00e1 osoba:<\/strong>&nbsp;Martina Krop\u00edkov\u00e1<\/p>\n\n\n\n<p><strong>Telefon:<\/strong>&nbsp;378 014 239, 732 203 470<\/p>\n\n\n\n<p><strong>Um\u00edst\u011bn\u00ed:<\/strong>&nbsp;4. patro, \u010d\u00e1st budovy B<\/p>\n\n\n\n<figure class=\"wp-block-table\"><table><thead><tr><th>Provozn\u00ed doba:<\/th><th>Od &#8211; Do<\/th><th>Od &#8211; Do<\/th><th>Pozn\u00e1mka<\/th><\/tr><\/thead><tbody><tr><td>pond\u011bl\u00ed<\/td><td>Dle objedn\u00e1vek<\/td><td>&#8211;<\/td><td><\/td><\/tr><tr><td>\u00fater\u00fd<\/td><td>Dle objedn\u00e1vek<\/td><td>&#8211;<\/td><td><\/td><\/tr><tr><td>st\u0159eda<\/td><td>Dle objedn\u00e1vek<\/td><td>&#8211;<\/td><td><\/td><\/tr><tr><td>\u010dtvrtek<\/td><td>Dle objedn\u00e1vek<\/td><td>&#8211;<\/td><td><\/td><\/tr><tr><td>p\u00e1tek<\/td><td>Dle objedn\u00e1vek<\/td><td>&#8211;<\/td><td><\/td><\/tr><\/tbody><\/table><\/figure>\n\n\n\n<p><a href=\"http:\/\/old.poliklinikaslovany.cz\/seznam-ordinaci\">Zp\u011bt<\/a><\/p>\n\n\n\n<p><strong>Provozovna:<\/strong>&nbsp;TRICHOLOGIE \u2013 vlasov\u00e9 centrum<br><br><strong>Zodpov\u011bdn\u00e1 osoba:<\/strong>&nbsp;Lenka Ka\u0161pa\u0159\u00edkov\u00e1<\/p>\n\n\n\n<p><strong>Telefon:<\/strong>&nbsp;720 381 168<\/p>\n\n\n\n<p><strong>Um\u00edst\u011bn\u00ed:<\/strong>&nbsp;3. patro, \u010d\u00e1st budovy C<\/p>\n\n\n\n<figure class=\"wp-block-table\"><table><thead><tr><th>Provozn\u00ed doba:<\/th><th>Od &#8211; Do<\/th><th>Od &#8211; Do<\/th><th>Pozn\u00e1mka<\/th><\/tr><\/thead><tbody><tr><td>pond\u011bl\u00ed<\/td><td>Dle objedn\u00e1vek<\/td><td>&#8211;<\/td><td><\/td><\/tr><tr><td>\u00fater\u00fd<\/td><td>Dle objedn\u00e1vek<\/td><td>&#8211;<\/td><td><\/td><\/tr><tr><td>st\u0159eda<\/td><td>Dle objedn\u00e1vek<\/td><td>&#8211;<\/td><td><\/td><\/tr><tr><td>\u010dtvrtek<\/td><td>Dle objedn\u00e1vek<\/td><td>&#8211;<\/td><td><\/td><\/tr><tr><td>p\u00e1tek<\/td><td>Dle objedn\u00e1vek<\/td><td>&#8211;<\/td><td><\/td><\/tr><\/tbody><\/table><figcaption class=\"wp-element-caption\"><br><\/figcaption><\/figure>\n\n\n\n<p><strong>Provozovna:<\/strong>&nbsp;Regrese a tradi\u010dn\u00ed \u010d\u00ednsk\u00e1 medic\u00edna<br><br><strong>Zodpov\u011bdn\u00e1 osoba:<\/strong>&nbsp;Hana Dvorsk\u00e1<\/p>\n\n\n\n<p><strong>Telefon:<\/strong>&nbsp;775 669 265<\/p>\n\n\n\n<p><strong>Um\u00edst\u011bn\u00ed:<\/strong>&nbsp;2. patro, \u010d\u00e1st budovy A<\/p>\n\n\n\n<figure class=\"wp-block-table\"><table><thead><tr><th>Provozn\u00ed doba:<\/th><th>Od &#8211; Do<\/th><th>Od &#8211; Do<\/th><th>Pozn\u00e1mka<\/th><\/tr><\/thead><tbody><tr><td>pond\u011bl\u00ed<\/td><td>Dle objedn\u00e1vek<\/td><td>&#8211;<\/td><td><\/td><\/tr><tr><td>\u00fater\u00fd<\/td><td>Dle objedn\u00e1vek<\/td><td>&#8211;<\/td><td><\/td><\/tr><tr><td>st\u0159eda<\/td><td>Dle objedn\u00e1vek<\/td><td>&#8211;<\/td><td><\/td><\/tr><tr><td>\u010dtvrtek<\/td><td>Dle objedn\u00e1vek<\/td><td>&#8211;<\/td><td><\/td><\/tr><tr><td>p\u00e1tek<\/td><td>Dle objedn\u00e1vek<\/td><td>&#8211;<\/td><td><\/td><\/tr><\/tbody><\/table><figcaption class=\"wp-element-caption\"><br><\/figcaption><\/figure>\n\n\n\n<p><strong>Provozovna:<\/strong>\u00a0Astra \u2013 p\u0159\u00edstrojov\u00e1 pedik\u00fara <\/p>\n\n\n\n<p><strong>Zodpov\u011bdn\u00e1 osoba:<\/strong>\u00a0Astrid \u0160\u00edpka<\/p>\n\n\n\n<p><strong>Telefon:<\/strong>\u00a0602\u00a0662 210<\/p>\n\n\n\n<p><strong>Um\u00edst\u011bn\u00ed:<\/strong>\u00a03. patro, \u010d\u00e1st budovy C<\/p>\n\n\n\n<figure class=\"wp-block-table\"><table><thead><tr><th>Provozn\u00ed doba:<\/th><th>Od &#8211; Do<\/th><th>Od &#8211; Do<\/th><th>Pozn\u00e1mka<\/th><\/tr><\/thead><tbody><tr><td>pond\u011bl\u00ed<\/td><td>dle objedn\u00e1vek<\/td><td>&#8211;<\/td><td><\/td><\/tr><tr><td>\u00fater\u00fd<\/td><td>dle objedn\u00e1vek<\/td><td>&#8211;<\/td><td><\/td><\/tr><tr><td>st\u0159eda<\/td><td>dle objedn\u00e1vek<\/td><td>&#8211;<\/td><td><\/td><\/tr><tr><td>\u010dtvrtek<\/td><td>dle objedn\u00e1vek<\/td><td>&#8211;<\/td><td><\/td><\/tr><tr><td>p\u00e1tek<\/td><td>dle objedn\u00e1vek<\/td><td>&#8211;<\/td><td><\/td><\/tr><\/tbody><\/table><\/figure>\n","protected":false},"excerpt":{"rendered":"<p>Provozovna:&nbsp;Kade\u0159nictv\u00ed Zodpov\u011bdn\u00e1 osoba:&nbsp;Martina Severov\u00e1 Telefon:&nbsp;378&nbsp;0143&nbsp;14 Um\u00edst\u011bn\u00ed:&nbsp;p\u0159\u00edzem\u00ed, \u010d\u00e1st budovy A Provozn\u00ed doba: Od &#8211; Do Od &#8211; Do Pozn\u00e1mka pond\u011bl\u00ed 07:00 &#8211; 13:00 * *odpoledne dle [&#8230;]<\/p>\n","protected":false},"author":1,"featured_media":0,"parent":71,"menu_order":0,"comment_status":"closed","ping_status":"closed","template":"","meta":{"footnotes":""},"class_list":["post-290","page","type-page","status-publish","hentry"],"acf":[],"_links":{"self":[{"href":"https:\/\/www.poliklinikaslovany.cz\/index.php\/wp-json\/wp\/v2\/pages\/290","targetHints":{"allow":["GET"]}}],"collection":[{"href":"https:\/\/www.poliklinikaslovany.cz\/index.php\/wp-json\/wp\/v2\/pages"}],"about":[{"href":"https:\/\/www.poliklinikaslovany.cz\/index.php\/wp-json\/wp\/v2\/types\/page"}],"author":[{"embeddable":true,"href":"https:\/\/www.poliklinikaslovany.cz\/index.php\/wp-json\/wp\/v2\/users\/1"}],"replies":[{"embeddable":true,"href":"https:\/\/www.poliklinikaslovany.cz\/index.php\/wp-json\/wp\/v2\/comments?post=290"}],"version-history":[{"count":10,"href":"https:\/\/www.poliklinikaslovany.cz\/index.php\/wp-json\/wp\/v2\/pages\/290\/revisions"}],"predecessor-version":[{"id":568,"href":"https:\/\/www.poliklinikaslovany.cz\/index.php\/wp-json\/wp\/v2\/pages\/290\/revisions\/568"}],"up":[{"embeddable":true,"href":"https:\/\/www.poliklinikaslovany.cz\/index.php\/wp-json\/wp\/v2\/pages\/71"}],"wp:attachment":[{"href":"https:\/\/www.poliklinikaslovany.cz\/index.php\/wp-json\/wp\/v2\/media?parent=290"}],"curies":[{"name":"wp","href":"https:\/\/api.w.org\/{rel}","templated":true}]}}