{"id":292,"date":"2023-12-10T21:43:08","date_gmt":"2023-12-10T20:43:08","guid":{"rendered":"https:\/\/www.poliklinikaslovany.cz\/?page_id=292"},"modified":"2024-01-26T10:56:05","modified_gmt":"2024-01-26T09:56:05","slug":"plasticka-a-esteticka-chirurgie","status":"publish","type":"page","link":"https:\/\/www.poliklinikaslovany.cz\/index.php\/seznam-ordinaci\/plasticka-a-esteticka-chirurgie\/","title":{"rendered":"Plastick\u00e1 a estetick\u00e1 chirurgie"},"content":{"rendered":"\n<p><strong>Ordinuj\u00edc\u00ed l\u00e9ka\u0159:&nbsp;<\/strong>Prim. MUDr. Vlastimil Bursa<\/p>\n\n\n\n<p><strong>Telefon:&nbsp;<\/strong>378&nbsp;014&nbsp;237<\/p>\n\n\n\n<p><strong>Um\u00edst\u011bn\u00ed:<\/strong>&nbsp;3. patro, \u010d\u00e1st budovy B<\/p>\n\n\n\n<figure class=\"wp-block-table\"><table><thead><tr><th>Provozn\u00ed doba:<\/th><th>Od &#8211; Do<\/th><th>Od &#8211; Do<\/th><th>Pozn\u00e1mka<\/th><\/tr><\/thead><tbody><tr><td>pond\u011bl\u00ed<\/td><td>&#8211;<\/td><td>&#8211;<\/td><td><\/td><\/tr><tr><td>\u00fater\u00fd<\/td><td>10:00 \u2013 12:00<\/td><td>objedn\u00e1vky a informace<\/td><td>603 239 988<\/td><\/tr><tr><td>st\u0159eda<\/td><td>16:00 \u2013 19:00<\/td><td>17:00 \u2013 20:00 objedn\u00e1vky a informace<\/td><td>378 014 111<\/td><\/tr><tr><td>\u010dtvrtek<\/td><td>&#8211;<\/td><td>&#8211;<\/td><td><\/td><\/tr><tr><td>p\u00e1tek<\/td><td>&#8211;<\/td><td>&#8211;<\/td><td><\/td><\/tr><\/tbody><\/table><\/figure>\n\n\n\n<p><strong>Ordinuj\u00edc\u00ed l\u00e9ka\u0159:&nbsp;<\/strong>MUDr. Miroslav Dolej\u0161<\/p>\n\n\n\n<p><strong>Telefon:\u00a0<\/strong>378\u00a0014\u00a0237, 775 575 636<\/p>\n\n\n\n<p><strong>Um\u00edst\u011bn\u00ed:<\/strong>&nbsp;3. patro, \u010d\u00e1st budovy B<\/p>\n\n\n\n<figure class=\"wp-block-table\"><table><thead><tr><th>Provozn\u00ed doba:<\/th><th class=\"has-text-align-center\" data-align=\"center\">Od &#8211; Do<\/th><th>Od &#8211; Do<\/th><th>Pozn\u00e1mka<\/th><\/tr><\/thead><tbody><tr><td>pond\u011bl\u00ed<\/td><td class=\"has-text-align-center\" data-align=\"center\">&#8211;<\/td><td>&#8211;<\/td><td><\/td><\/tr><tr><td>\u00fater\u00fd<\/td><td class=\"has-text-align-center\" data-align=\"center\">16:00 \u2013 20:00<\/td><td>&#8211;<\/td><td><\/td><\/tr><tr><td>st\u0159eda<\/td><td class=\"has-text-align-center\" data-align=\"center\"><\/td><td>&#8211;<\/td><td><\/td><\/tr><tr><td>\u010dtvrtek<\/td><td class=\"has-text-align-center\" data-align=\"center\">&#8211;<\/td><td>&#8211;<\/td><td><\/td><\/tr><tr><td>p\u00e1tek<\/td><td class=\"has-text-align-center\" data-align=\"center\">&#8211;<\/td><td>&#8211;<\/td><td><\/td><\/tr><\/tbody><\/table><\/figure>\n\n\n\n<p><a href=\"http:\/\/old.poliklinikaslovany.cz\/seznam-ordinaci\">Zp\u011bt<\/a><\/p>\n","protected":false},"excerpt":{"rendered":"<p>Ordinuj\u00edc\u00ed l\u00e9ka\u0159:&nbsp;Prim. MUDr. Vlastimil Bursa Telefon:&nbsp;378&nbsp;014&nbsp;237 Um\u00edst\u011bn\u00ed:&nbsp;3. patro, \u010d\u00e1st budovy B Provozn\u00ed doba: Od &#8211; Do Od &#8211; Do Pozn\u00e1mka pond\u011bl\u00ed &#8211; &#8211; \u00fater\u00fd 10:00 [&#8230;]<\/p>\n","protected":false},"author":1,"featured_media":0,"parent":71,"menu_order":0,"comment_status":"closed","ping_status":"closed","template":"","meta":{"footnotes":""},"class_list":["post-292","page","type-page","status-publish","hentry"],"acf":[],"_links":{"self":[{"href":"https:\/\/www.poliklinikaslovany.cz\/index.php\/wp-json\/wp\/v2\/pages\/292","targetHints":{"allow":["GET"]}}],"collection":[{"href":"https:\/\/www.poliklinikaslovany.cz\/index.php\/wp-json\/wp\/v2\/pages"}],"about":[{"href":"https:\/\/www.poliklinikaslovany.cz\/index.php\/wp-json\/wp\/v2\/types\/page"}],"author":[{"embeddable":true,"href":"https:\/\/www.poliklinikaslovany.cz\/index.php\/wp-json\/wp\/v2\/users\/1"}],"replies":[{"embeddable":true,"href":"https:\/\/www.poliklinikaslovany.cz\/index.php\/wp-json\/wp\/v2\/comments?post=292"}],"version-history":[{"count":4,"href":"https:\/\/www.poliklinikaslovany.cz\/index.php\/wp-json\/wp\/v2\/pages\/292\/revisions"}],"predecessor-version":[{"id":392,"href":"https:\/\/www.poliklinikaslovany.cz\/index.php\/wp-json\/wp\/v2\/pages\/292\/revisions\/392"}],"up":[{"embeddable":true,"href":"https:\/\/www.poliklinikaslovany.cz\/index.php\/wp-json\/wp\/v2\/pages\/71"}],"wp:attachment":[{"href":"https:\/\/www.poliklinikaslovany.cz\/index.php\/wp-json\/wp\/v2\/media?parent=292"}],"curies":[{"name":"wp","href":"https:\/\/api.w.org\/{rel}","templated":true}]}}