{"id":294,"date":"2023-12-10T21:43:21","date_gmt":"2023-12-10T20:43:21","guid":{"rendered":"https:\/\/www.poliklinikaslovany.cz\/?page_id=294"},"modified":"2024-01-23T11:46:42","modified_gmt":"2024-01-23T10:46:42","slug":"plicni-ambulance","status":"publish","type":"page","link":"https:\/\/www.poliklinikaslovany.cz\/index.php\/seznam-ordinaci\/plicni-ambulance\/","title":{"rendered":"Plicn\u00ed ambulance, respira\u010dn\u00ed poradna"},"content":{"rendered":"\n<p><strong>Ordinuj\u00edc\u00ed l\u00e9ka\u0159:&nbsp;<\/strong>MUDr. Kv\u011bta Kalandrov\u00e1<\/p>\n\n\n\n<p><strong>Telefon:&nbsp;<\/strong>378&nbsp;014&nbsp;222<\/p>\n\n\n\n<p><strong>Um\u00edst\u011bn\u00ed:<\/strong>&nbsp;4. patro, \u010d\u00e1st budovy A<\/p>\n\n\n\n<figure class=\"wp-block-table\"><table><thead><tr><th>Provozn\u00ed doba:<\/th><th>Od &#8211; Do<\/th><th>Od &#8211; Do<\/th><th>Pozn\u00e1mka<\/th><\/tr><\/thead><tbody><tr><td>pond\u011bl\u00ed<\/td><td>7:30 \u2013 12:00<\/td><td>&#8211;<\/td><td><\/td><\/tr><tr><td>\u00fater\u00fd<\/td><td>7:30 \u2013 12:00<\/td><td>&#8211;<\/td><td><\/td><\/tr><tr><td>st\u0159eda<\/td><td>7:30 \u2013 12:00<\/td><td>&#8211;<\/td><td><\/td><\/tr><tr><td>\u010dtvrtek<\/td><td>7:30 \u2013 12:00<\/td><td>13:00 \u2013 15:00<\/td><td><\/td><\/tr><tr><td>p\u00e1tek<\/td><td>7:30 \u2013 12:00<\/td><td>&#8211;<\/td><td><\/td><\/tr><\/tbody><\/table><\/figure>\n\n\n\n<p><a href=\"http:\/\/old.poliklinikaslovany.cz\/seznam-ordinaci\"><\/a><\/p>\n","protected":false},"excerpt":{"rendered":"<p>Ordinuj\u00edc\u00ed l\u00e9ka\u0159:&nbsp;MUDr. Kv\u011bta Kalandrov\u00e1 Telefon:&nbsp;378&nbsp;014&nbsp;222 Um\u00edst\u011bn\u00ed:&nbsp;4. patro, \u010d\u00e1st budovy A Provozn\u00ed doba: Od &#8211; Do Od &#8211; Do Pozn\u00e1mka pond\u011bl\u00ed 7:30 \u2013 12:00 &#8211; \u00fater\u00fd [&#8230;]<\/p>\n","protected":false},"author":1,"featured_media":0,"parent":71,"menu_order":0,"comment_status":"closed","ping_status":"closed","template":"","meta":{"footnotes":""},"class_list":["post-294","page","type-page","status-publish","hentry"],"acf":[],"_links":{"self":[{"href":"https:\/\/www.poliklinikaslovany.cz\/index.php\/wp-json\/wp\/v2\/pages\/294","targetHints":{"allow":["GET"]}}],"collection":[{"href":"https:\/\/www.poliklinikaslovany.cz\/index.php\/wp-json\/wp\/v2\/pages"}],"about":[{"href":"https:\/\/www.poliklinikaslovany.cz\/index.php\/wp-json\/wp\/v2\/types\/page"}],"author":[{"embeddable":true,"href":"https:\/\/www.poliklinikaslovany.cz\/index.php\/wp-json\/wp\/v2\/users\/1"}],"replies":[{"embeddable":true,"href":"https:\/\/www.poliklinikaslovany.cz\/index.php\/wp-json\/wp\/v2\/comments?post=294"}],"version-history":[{"count":3,"href":"https:\/\/www.poliklinikaslovany.cz\/index.php\/wp-json\/wp\/v2\/pages\/294\/revisions"}],"predecessor-version":[{"id":372,"href":"https:\/\/www.poliklinikaslovany.cz\/index.php\/wp-json\/wp\/v2\/pages\/294\/revisions\/372"}],"up":[{"embeddable":true,"href":"https:\/\/www.poliklinikaslovany.cz\/index.php\/wp-json\/wp\/v2\/pages\/71"}],"wp:attachment":[{"href":"https:\/\/www.poliklinikaslovany.cz\/index.php\/wp-json\/wp\/v2\/media?parent=294"}],"curies":[{"name":"wp","href":"https:\/\/api.w.org\/{rel}","templated":true}]}}