{"id":296,"date":"2023-12-10T21:43:33","date_gmt":"2023-12-10T20:43:33","guid":{"rendered":"https:\/\/www.poliklinikaslovany.cz\/?page_id=296"},"modified":"2023-12-10T21:46:57","modified_gmt":"2023-12-10T20:46:57","slug":"poradna-osobniho-rozvoje","status":"publish","type":"page","link":"https:\/\/www.poliklinikaslovany.cz\/index.php\/seznam-ordinaci\/poradna-osobniho-rozvoje\/","title":{"rendered":"Poradna osobn\u00edho rozvoje"},"content":{"rendered":"\n<p><strong>Ordinuj\u00edc\u00ed l\u00e9ka\u0159:&nbsp;<\/strong>Ji\u0159\u00ed Racek a MUDr. Lucie Joklov\u00e1<\/p>\n\n\n\n<p><strong>Telefon:&nbsp;<\/strong>378&nbsp;014&nbsp;317<\/p>\n\n\n\n<p><strong>Um\u00edst\u011bn\u00ed:&nbsp;<\/strong>2. patro, \u010d\u00e1st budovy A<\/p>\n\n\n\n<figure class=\"wp-block-table\"><table><thead><tr><th>Provozn\u00ed doba:<\/th><th>Od &#8211; Do<\/th><th>Od &#8211; Do<\/th><th>Pozn\u00e1mka<\/th><\/tr><\/thead><tbody><tr><td>pond\u011bl\u00ed<\/td><td>7:30 \u2013 19:00<\/td><td>&#8211;<\/td><td><\/td><\/tr><tr><td>\u00fater\u00fd<\/td><td>7:30 \u2013 19:00<\/td><td>&#8211;<\/td><td><\/td><\/tr><tr><td>st\u0159eda<\/td><td>7:30 \u2013 19:00<\/td><td>&#8211;<\/td><td><\/td><\/tr><tr><td>\u010dtvrtek<\/td><td>7:30 \u2013 19:00<\/td><td>&#8211;<\/td><td><\/td><\/tr><tr><td>p\u00e1tek<\/td><td>7:30 \u2013 19:00<\/td><td>&#8211;<\/td><td><\/td><\/tr><\/tbody><\/table><\/figure>\n\n\n\n<p><a href=\"http:\/\/old.poliklinikaslovany.cz\/seznam-ordinaci\">Zp\u011bt<\/a><\/p>\n","protected":false},"excerpt":{"rendered":"<p>Ordinuj\u00edc\u00ed l\u00e9ka\u0159:&nbsp;Ji\u0159\u00ed Racek a MUDr. Lucie Joklov\u00e1 Telefon:&nbsp;378&nbsp;014&nbsp;317 Um\u00edst\u011bn\u00ed:&nbsp;2. patro, \u010d\u00e1st budovy A Provozn\u00ed doba: Od &#8211; Do Od &#8211; Do Pozn\u00e1mka pond\u011bl\u00ed 7:30 \u2013 [&#8230;]<\/p>\n","protected":false},"author":1,"featured_media":0,"parent":71,"menu_order":0,"comment_status":"closed","ping_status":"closed","template":"","meta":{"footnotes":""},"class_list":["post-296","page","type-page","status-publish","hentry"],"acf":[],"_links":{"self":[{"href":"https:\/\/www.poliklinikaslovany.cz\/index.php\/wp-json\/wp\/v2\/pages\/296","targetHints":{"allow":["GET"]}}],"collection":[{"href":"https:\/\/www.poliklinikaslovany.cz\/index.php\/wp-json\/wp\/v2\/pages"}],"about":[{"href":"https:\/\/www.poliklinikaslovany.cz\/index.php\/wp-json\/wp\/v2\/types\/page"}],"author":[{"embeddable":true,"href":"https:\/\/www.poliklinikaslovany.cz\/index.php\/wp-json\/wp\/v2\/users\/1"}],"replies":[{"embeddable":true,"href":"https:\/\/www.poliklinikaslovany.cz\/index.php\/wp-json\/wp\/v2\/comments?post=296"}],"version-history":[{"count":1,"href":"https:\/\/www.poliklinikaslovany.cz\/index.php\/wp-json\/wp\/v2\/pages\/296\/revisions"}],"predecessor-version":[{"id":297,"href":"https:\/\/www.poliklinikaslovany.cz\/index.php\/wp-json\/wp\/v2\/pages\/296\/revisions\/297"}],"up":[{"embeddable":true,"href":"https:\/\/www.poliklinikaslovany.cz\/index.php\/wp-json\/wp\/v2\/pages\/71"}],"wp:attachment":[{"href":"https:\/\/www.poliklinikaslovany.cz\/index.php\/wp-json\/wp\/v2\/media?parent=296"}],"curies":[{"name":"wp","href":"https:\/\/api.w.org\/{rel}","templated":true}]}}