{"id":298,"date":"2023-12-10T21:43:49","date_gmt":"2023-12-10T20:43:49","guid":{"rendered":"https:\/\/www.poliklinikaslovany.cz\/?page_id=298"},"modified":"2025-01-06T09:24:21","modified_gmt":"2025-01-06T08:24:21","slug":"protialkoholni-zachytna-stanice","status":"publish","type":"page","link":"https:\/\/www.poliklinikaslovany.cz\/index.php\/seznam-ordinaci\/protialkoholni-zachytna-stanice\/","title":{"rendered":"Protialkoholn\u00ed z\u00e1chytn\u00e1 stanice"},"content":{"rendered":"\n<p><strong>Telefon:<\/strong>\u00a0378\u00a0014\u00a0260, 732 648 525<\/p>\n\n\n\n<p><strong>Um\u00edst\u011bn\u00ed:<\/strong>&nbsp;suter\u00e9n, \u010d\u00e1st budovy B<\/p>\n\n\n\n<figure class=\"wp-block-table\"><table><thead><tr><th>Provozn\u00ed doba:<\/th><th>Od &#8211; Do<\/th><th>Od &#8211; Do<\/th><th>Pozn\u00e1mka<\/th><\/tr><\/thead><tbody><tr><td>pond\u011bl\u00ed<\/td><td>nep\u0159etr\u017eit\u00fd provoz<\/td><td>&#8211;<\/td><td><\/td><\/tr><tr><td>\u00fater\u00fd<\/td><td>nep\u0159etr\u017eit\u00fd provoz<\/td><td>&#8211;<\/td><td><\/td><\/tr><tr><td>st\u0159eda<\/td><td>nep\u0159etr\u017eit\u00fd provoz<\/td><td>&#8211;<\/td><td><\/td><\/tr><tr><td>\u010dtvrtek<\/td><td>nep\u0159etr\u017eit\u00fd provoz<\/td><td>&#8211;<\/td><td><\/td><\/tr><tr><td>p\u00e1tek<\/td><td>nep\u0159etr\u017eit\u00fd provoz<\/td><td>&#8211;<\/td><td><\/td><\/tr><tr><td>sobota<\/td><td>nep\u0159etr\u017eit\u00fd provoz<\/td><td>&#8211;<\/td><td><\/td><\/tr><tr><td>ned\u011ble<\/td><td>nep\u0159etr\u017eit\u00fd provoz<\/td><td>&#8211;<\/td><td><\/td><\/tr><\/tbody><\/table><\/figure>\n\n\n\n<p><a href=\"http:\/\/old.poliklinikaslovany.cz\/seznam-ordinaci\"><\/a><\/p>\n","protected":false},"excerpt":{"rendered":"<p>Telefon:\u00a0378\u00a0014\u00a0260, 732 648 525 Um\u00edst\u011bn\u00ed:&nbsp;suter\u00e9n, \u010d\u00e1st budovy B Provozn\u00ed doba: Od &#8211; Do Od &#8211; Do Pozn\u00e1mka pond\u011bl\u00ed nep\u0159etr\u017eit\u00fd provoz &#8211; \u00fater\u00fd nep\u0159etr\u017eit\u00fd provoz &#8211; [&#8230;]<\/p>\n","protected":false},"author":1,"featured_media":0,"parent":71,"menu_order":0,"comment_status":"closed","ping_status":"closed","template":"","meta":{"footnotes":""},"class_list":["post-298","page","type-page","status-publish","hentry"],"acf":[],"_links":{"self":[{"href":"https:\/\/www.poliklinikaslovany.cz\/index.php\/wp-json\/wp\/v2\/pages\/298","targetHints":{"allow":["GET"]}}],"collection":[{"href":"https:\/\/www.poliklinikaslovany.cz\/index.php\/wp-json\/wp\/v2\/pages"}],"about":[{"href":"https:\/\/www.poliklinikaslovany.cz\/index.php\/wp-json\/wp\/v2\/types\/page"}],"author":[{"embeddable":true,"href":"https:\/\/www.poliklinikaslovany.cz\/index.php\/wp-json\/wp\/v2\/users\/1"}],"replies":[{"embeddable":true,"href":"https:\/\/www.poliklinikaslovany.cz\/index.php\/wp-json\/wp\/v2\/comments?post=298"}],"version-history":[{"count":3,"href":"https:\/\/www.poliklinikaslovany.cz\/index.php\/wp-json\/wp\/v2\/pages\/298\/revisions"}],"predecessor-version":[{"id":536,"href":"https:\/\/www.poliklinikaslovany.cz\/index.php\/wp-json\/wp\/v2\/pages\/298\/revisions\/536"}],"up":[{"embeddable":true,"href":"https:\/\/www.poliklinikaslovany.cz\/index.php\/wp-json\/wp\/v2\/pages\/71"}],"wp:attachment":[{"href":"https:\/\/www.poliklinikaslovany.cz\/index.php\/wp-json\/wp\/v2\/media?parent=298"}],"curies":[{"name":"wp","href":"https:\/\/api.w.org\/{rel}","templated":true}]}}