{"id":30,"date":"2023-11-30T22:08:04","date_gmt":"2023-11-30T21:08:04","guid":{"rendered":"https:\/\/www.poliklinikaslovany.cz\/?page_id=30"},"modified":"2026-01-14T12:35:06","modified_gmt":"2026-01-14T11:35:06","slug":"aktuality","status":"publish","type":"page","link":"https:\/\/www.poliklinikaslovany.cz\/index.php\/aktuality\/","title":{"rendered":"Aktuality"},"content":{"rendered":"<ul class=\"wp-block-latest-posts__list wp-block-latest-posts\"><li><a class=\"wp-block-latest-posts__post-title\" href=\"https:\/\/www.poliklinikaslovany.cz\/index.php\/rdg-pracoviste-privamed\/\">RDG pracovi\u0161t\u011b PRIVAMED<\/a><\/li>\n<\/ul>\n\n\n<p><a href=\"https:\/\/www.poliklinikaslovany.cz\/index.php\/seznam-ordinaci\/\" data-type=\"page\" data-id=\"71\">VZP \u010cR otev\u00edr\u00e1 19. 1. 2026 nov\u00e9 klientsk\u00e9 pracovi\u0161t\u011b<\/a><\/p>\n\n\n\n<p><\/p>\n","protected":false},"excerpt":{"rendered":"<p>VZP \u010cR otev\u00edr\u00e1 19. 1. 2026 nov\u00e9 klientsk\u00e9 pracovi\u0161t\u011b<\/p>\n","protected":false},"author":1,"featured_media":0,"parent":0,"menu_order":0,"comment_status":"closed","ping_status":"closed","template":"templates\/template-fullwidth.php","meta":{"footnotes":""},"class_list":["post-30","page","type-page","status-publish","hentry"],"acf":[],"_links":{"self":[{"href":"https:\/\/www.poliklinikaslovany.cz\/index.php\/wp-json\/wp\/v2\/pages\/30","targetHints":{"allow":["GET"]}}],"collection":[{"href":"https:\/\/www.poliklinikaslovany.cz\/index.php\/wp-json\/wp\/v2\/pages"}],"about":[{"href":"https:\/\/www.poliklinikaslovany.cz\/index.php\/wp-json\/wp\/v2\/types\/page"}],"author":[{"embeddable":true,"href":"https:\/\/www.poliklinikaslovany.cz\/index.php\/wp-json\/wp\/v2\/users\/1"}],"replies":[{"embeddable":true,"href":"https:\/\/www.poliklinikaslovany.cz\/index.php\/wp-json\/wp\/v2\/comments?post=30"}],"version-history":[{"count":6,"href":"https:\/\/www.poliklinikaslovany.cz\/index.php\/wp-json\/wp\/v2\/pages\/30\/revisions"}],"predecessor-version":[{"id":664,"href":"https:\/\/www.poliklinikaslovany.cz\/index.php\/wp-json\/wp\/v2\/pages\/30\/revisions\/664"}],"wp:attachment":[{"href":"https:\/\/www.poliklinikaslovany.cz\/index.php\/wp-json\/wp\/v2\/media?parent=30"}],"curies":[{"name":"wp","href":"https:\/\/api.w.org\/{rel}","templated":true}]}}