{"id":300,"date":"2023-12-10T21:44:03","date_gmt":"2023-12-10T20:44:03","guid":{"rendered":"https:\/\/www.poliklinikaslovany.cz\/?page_id=300"},"modified":"2024-01-23T12:51:41","modified_gmt":"2024-01-23T11:51:41","slug":"psychiatrie-a-at-poradna","status":"publish","type":"page","link":"https:\/\/www.poliklinikaslovany.cz\/index.php\/seznam-ordinaci\/psychiatrie-a-at-poradna\/","title":{"rendered":"Psychiatrie a AT poradna"},"content":{"rendered":"\n<p><strong>Ordinuj\u00edc\u00ed l\u00e9ka\u0159:<\/strong>&nbsp;MUDr. Maro\u0161 Hrinko, MUDr. Veronika S\u00fdkorov\u00e1, MUDr. Ludmila Chaloupkov\u00e1<\/p>\n\n\n\n<p><strong>Telefon:<\/strong>&nbsp;378 014 356, 602 229 081<\/p>\n\n\n\n<p><strong>Um\u00edst\u011bn\u00ed:<\/strong>&nbsp;4. patro, \u010d\u00e1st budovy C<\/p>\n\n\n\n<figure class=\"wp-block-table\"><table><thead><tr><th>Provozn\u00ed doba:<\/th><th>Od &#8211; Do<\/th><th>Od &#8211; Do<\/th><th>Pozn\u00e1mka<\/th><\/tr><\/thead><tbody><tr><td>pond\u011bl\u00ed<\/td><td>8:00 &#8211; 17:00<\/td><td>&#8211;<\/td><td><\/td><\/tr><tr><td>\u00fater\u00fd<\/td><td>7:30 &#8211; 17:00<\/td><td>&#8211;<\/td><td><\/td><\/tr><tr><td>st\u0159eda<\/td><td>&#8211;<\/td><td>&#8211;<\/td><td><\/td><\/tr><tr><td>\u010dtvrtek<\/td><td>14:30 &#8211; 17:30<\/td><td>&#8211;<\/td><td><\/td><\/tr><tr><td>p\u00e1tek<\/td><td>14:00 &#8211; 16:00<\/td><td>&#8211;<\/td><td>pro zvan\u00e9<\/td><\/tr><\/tbody><\/table><\/figure>\n\n\n\n<p><a href=\"http:\/\/old.poliklinikaslovany.cz\/seznam-ordinaci\">Zp\u011bt<\/a><\/p>\n","protected":false},"excerpt":{"rendered":"<p>Ordinuj\u00edc\u00ed l\u00e9ka\u0159:&nbsp;MUDr. Maro\u0161 Hrinko, MUDr. Veronika S\u00fdkorov\u00e1, MUDr. Ludmila Chaloupkov\u00e1 Telefon:&nbsp;378 014 356, 602 229 081 Um\u00edst\u011bn\u00ed:&nbsp;4. patro, \u010d\u00e1st budovy C Provozn\u00ed doba: Od &#8211; [&#8230;]<\/p>\n","protected":false},"author":1,"featured_media":0,"parent":71,"menu_order":0,"comment_status":"closed","ping_status":"closed","template":"","meta":{"footnotes":""},"class_list":["post-300","page","type-page","status-publish","hentry"],"acf":[],"_links":{"self":[{"href":"https:\/\/www.poliklinikaslovany.cz\/index.php\/wp-json\/wp\/v2\/pages\/300","targetHints":{"allow":["GET"]}}],"collection":[{"href":"https:\/\/www.poliklinikaslovany.cz\/index.php\/wp-json\/wp\/v2\/pages"}],"about":[{"href":"https:\/\/www.poliklinikaslovany.cz\/index.php\/wp-json\/wp\/v2\/types\/page"}],"author":[{"embeddable":true,"href":"https:\/\/www.poliklinikaslovany.cz\/index.php\/wp-json\/wp\/v2\/users\/1"}],"replies":[{"embeddable":true,"href":"https:\/\/www.poliklinikaslovany.cz\/index.php\/wp-json\/wp\/v2\/comments?post=300"}],"version-history":[{"count":3,"href":"https:\/\/www.poliklinikaslovany.cz\/index.php\/wp-json\/wp\/v2\/pages\/300\/revisions"}],"predecessor-version":[{"id":375,"href":"https:\/\/www.poliklinikaslovany.cz\/index.php\/wp-json\/wp\/v2\/pages\/300\/revisions\/375"}],"up":[{"embeddable":true,"href":"https:\/\/www.poliklinikaslovany.cz\/index.php\/wp-json\/wp\/v2\/pages\/71"}],"wp:attachment":[{"href":"https:\/\/www.poliklinikaslovany.cz\/index.php\/wp-json\/wp\/v2\/media?parent=300"}],"curies":[{"name":"wp","href":"https:\/\/api.w.org\/{rel}","templated":true}]}}