{"id":312,"date":"2023-12-10T21:45:40","date_gmt":"2023-12-10T20:45:40","guid":{"rendered":"https:\/\/www.poliklinikaslovany.cz\/?page_id=312"},"modified":"2026-03-26T09:48:28","modified_gmt":"2026-03-26T08:48:28","slug":"vseobecne-prakticke-lekarstvi-pro-dospele","status":"publish","type":"page","link":"https:\/\/www.poliklinikaslovany.cz\/index.php\/seznam-ordinaci\/vseobecne-prakticke-lekarstvi-pro-dospele\/","title":{"rendered":"V\u0161eobecn\u00e9 praktick\u00e9 l\u00e9ka\u0159stv\u00ed pro dosp\u011bl\u00e9"},"content":{"rendered":"\n<p><strong>Ordinuj\u00edc\u00ed l\u00e9ka\u0159:&nbsp;<\/strong>MUDr. Zden\u011bk Va\u0161ta<\/p>\n\n\n\n<p><strong>Telefon:&nbsp;<\/strong>378&nbsp;014&nbsp;247<\/p>\n\n\n\n<p><strong>Um\u00edst\u011bn\u00ed:&nbsp;<\/strong>p\u0159\u00edzem\u00ed, \u010d\u00e1st budovy A<\/p>\n\n\n\n<figure class=\"wp-block-table\"><table><thead><tr><th>Provozn\u00ed doba:<\/th><th>Od &#8211; Do<\/th><th>Od &#8211; Do<\/th><th>Pozn\u00e1mka<\/th><\/tr><\/thead><tbody><tr><td>pond\u011bl\u00ed<\/td><td>08:00 &#8211; 12:00<\/td><td>13:00 \u2013 18:00*<\/td><td>*n\u00e1v\u0161t\u011bvy, pozvan\u00ed, administrativa<\/td><\/tr><tr><td>\u00fater\u00fd<\/td><td>08:00 &#8211; 12:00<\/td><td>&#8211;<\/td><td><\/td><\/tr><tr><td>st\u0159eda<\/td><td>08:00 &#8211; 12:00<\/td><td>&#8211;<\/td><td><\/td><\/tr><tr><td>\u010dtvrtek<\/td><td>08:00 &#8211; 12:00<\/td><td>13:00 \u2013 18:00<\/td><td><\/td><\/tr><tr><td>p\u00e1tek<\/td><td>08:00 &#8211; 12:00<\/td><td>&#8211;<\/td><td><\/td><\/tr><\/tbody><\/table><\/figure>\n\n\n\n<p><strong>Ordinuj\u00edc\u00ed l\u00e9ka\u0159:<\/strong>&nbsp;MUDr. Eva Jir\u00e1skov\u00e1<\/p>\n\n\n\n<p><strong>Telefon:<\/strong>&nbsp;378 014 316<\/p>\n\n\n\n<p><strong>Um\u00edst\u011bn\u00ed:<\/strong>&nbsp;1. patro, \u010d\u00e1st budovy A<\/p>\n\n\n\n<figure class=\"wp-block-table\"><table><thead><tr><th>Provozn\u00ed doba:<\/th><th>Od &#8211; Do<\/th><th>Od &#8211; Do<\/th><th>Pozn\u00e1mka<\/th><\/tr><\/thead><tbody><tr><td>pond\u011bl\u00ed<\/td><td>7:30 \u2013 11:00<\/td><td>14:00 &#8211; 18:00 pouze pro objednan\u00e9<\/td><td>p\u0159est\u00e1vka 12:30 \u2013 12:50<\/td><\/tr><tr><td>\u00fater\u00fd<\/td><td>7:30 \u2013 13:00<\/td><td>&#8211;<\/td><td><\/td><\/tr><tr><td>st\u0159eda<\/td><td>7:30 \u2013 13:00<\/td><td>&#8211;<\/td><td><\/td><\/tr><tr><td>\u010dtvrtek<\/td><td>7:30 \u2013 13:00<\/td><td>&#8211;<\/td><td><\/td><\/tr><tr><td>p\u00e1tek<\/td><td>7:30 \u2013 13:00<\/td><td>&#8211;<\/td><td><\/td><\/tr><\/tbody><\/table><\/figure>\n\n\n\n<p><strong>Ordinuj\u00edc\u00ed l\u00e9ka\u0159:<\/strong>&nbsp;MUDr. Jana Lejskov\u00e1<\/p>\n\n\n\n<p><strong>Telefon:<\/strong>&nbsp;378&nbsp;014&nbsp;245<\/p>\n\n\n\n<p><strong>Um\u00edst\u011bn\u00ed:<\/strong>&nbsp;1. patro, \u010d\u00e1st budovy A<\/p>\n\n\n\n<figure class=\"wp-block-table\"><table><thead><tr><th>Provozn\u00ed doba:<\/th><th>Od &#8211; Do<\/th><th>Od &#8211; Do<\/th><th>Pozn\u00e1mka<\/th><\/tr><\/thead><tbody><tr><td>pond\u011bl\u00ed<\/td><td>07:00 &#8211; 13:00<\/td><td><\/td><td><\/td><\/tr><tr><td>\u00fater\u00fd<\/td><td>07:00 &#8211; 10:00<\/td><td>14:00 &#8211; 18:00<\/td><td>16:00 \u2013 18:00 po tel. domluv\u011b<\/td><\/tr><tr><td>st\u0159eda<\/td><td>07:00 &#8211; 12:00<\/td><td>12:00 &#8211; 13:00 *<\/td><td>* pouze pro zvan\u00e9<\/td><\/tr><tr><td>\u010dtvrtek<\/td><td>07:00 &#8211; 13:00<\/td><td><\/td><td><\/td><\/tr><tr><td>p\u00e1tek<\/td><td>07:00 &#8211; 12:00<\/td><td><\/td><td><\/td><\/tr><\/tbody><\/table><\/figure>\n\n\n\n<p><strong>Ordinuj\u00edc\u00ed l\u00e9ka\u0159:<\/strong>&nbsp;MUDr. Olga Boh\u00e1\u010dov\u00e1<\/p>\n\n\n\n<p><strong>Telefon:&nbsp;<\/strong>378&nbsp;014&nbsp;244<\/p>\n\n\n\n<p><strong>Um\u00edst\u011bn\u00ed:<\/strong>&nbsp;I. patro, \u010d\u00e1st budovy A<\/p>\n\n\n\n<figure class=\"wp-block-table\"><table><thead><tr><th>Provozn\u00ed doba:<\/th><th>Od &#8211; Do<\/th><th>Od &#8211; Do<\/th><th>Pozn\u00e1mka<\/th><\/tr><\/thead><tbody><tr><td>pond\u011bl\u00ed<\/td><td>7:30 \u2013 13:30<\/td><td>&#8211;<\/td><td><\/td><\/tr><tr><td>\u00fater\u00fd<\/td><td>7:30 \u2013 13:00<\/td><td>&#8211;<\/td><td><\/td><\/tr><tr><td>st\u0159eda<\/td><td>7:30 \u2013 10:30<\/td><td>13:00 \u2013 18:00<\/td><td><\/td><\/tr><tr><td>\u010dtvrtek<\/td><td>7:30 \u2013 13:00<\/td><td>&#8211;<\/td><td><\/td><\/tr><tr><td>p\u00e1tek<\/td><td>7:30 \u2013 12:30<\/td><td>&#8211;<\/td><td><\/td><\/tr><\/tbody><\/table><\/figure>\n\n\n\n<p><strong>Ordinuj\u00edc\u00ed l\u00e9ka\u0159:<\/strong>\u00a0MUDr. Marie Sk\u00e1lov\u00e1, MUDr. Mark\u00e9ta Tr\u00e9glov\u00e1<\/p>\n\n\n\n<p><strong>Telefon:<\/strong>&nbsp;378&nbsp;014&nbsp;366<\/p>\n\n\n\n<p><strong>Um\u00edst\u011bn\u00ed:<\/strong>&nbsp;1. patro, \u010d\u00e1st budovy A<\/p>\n\n\n\n<figure class=\"wp-block-table\"><table><thead><tr><th>Provozn\u00ed doba:<\/th><th>Od &#8211; Do<\/th><th>Od &#8211; Do<\/th><th>Pozn\u00e1mka<\/th><\/tr><\/thead><tbody><tr><td>pond\u011bl\u00ed<\/td><td>7:30 \u2013 13:00<\/td><td>&#8211;<\/td><td><\/td><\/tr><tr><td>\u00fater\u00fd<\/td><td>7:30 \u2013 13:00<\/td><td>&#8211;<\/td><td><\/td><\/tr><tr><td>st\u0159eda<\/td><td>7:30 \u2013 13:00<\/td><td>&#8211;<\/td><td><\/td><\/tr><tr><td>\u010dtvrtek<\/td><td>7:30 \u2013 11:00<\/td><td>13:15 \u2013 18:00*<\/td><td>*objednan\u00ed<\/td><\/tr><tr><td>p\u00e1tek<\/td><td>7:30 \u2013 13:00<\/td><td>&#8211;<\/td><td><\/td><\/tr><\/tbody><\/table><\/figure>\n\n\n\n<p><strong>Ordinuj\u00edc\u00ed l\u00e9ka\u0159:<\/strong>&nbsp;Penta Clinic (Team Prevent Sant\u00e9)<\/p>\n\n\n\n<p><strong>Telefon:<\/strong>&nbsp;378&nbsp;014&nbsp;520<\/p>\n\n\n\n<p><strong>Um\u00edst\u011bn\u00ed:<\/strong>&nbsp;<\/p>\n\n\n\n<figure class=\"wp-block-table\"><table><thead><tr><th>Provozn\u00ed doba:<\/th><th>Od &#8211; Do<\/th><th>Od &#8211; Do<\/th><th>Pozn\u00e1mka<\/th><\/tr><\/thead><tbody><tr><td>pond\u011bl\u00ed<\/td><td>7:30 \u2013 16:00<\/td><td>&#8211;<\/td><td><\/td><\/tr><tr><td>\u00fater\u00fd<\/td><td>7:30 \u2013 16:00<\/td><td>&#8211;<\/td><td><\/td><\/tr><tr><td>st\u0159eda<\/td><td>7:30 \u2013 16:00<\/td><td>&#8211;<\/td><td><\/td><\/tr><tr><td>\u010dtvrtek<\/td><td>7:30 \u2013 16:00<\/td><td>&#8211;<\/td><td><\/td><\/tr><tr><td>p\u00e1tek<\/td><td>7:30 \u2013 16:00<\/td><td>&#8211;<\/td><td><\/td><\/tr><\/tbody><\/table><\/figure>\n\n\n\n<p><strong>Ordinuj\u00edc\u00ed l\u00e9ka\u0159:<\/strong>&nbsp;MUDr. Petra Kaupeov\u00e1<\/p>\n\n\n\n<p><strong>Telefon:<\/strong>&nbsp;378&nbsp;014&nbsp;321<\/p>\n\n\n\n<p><strong>Um\u00edst\u011bn\u00ed:<\/strong>&nbsp;2. patro, \u010d\u00e1st budovy B<\/p>\n\n\n\n<figure class=\"wp-block-table\"><table><thead><tr><th>Provozn\u00ed doba:<\/th><th>Od &#8211; Do<\/th><th>Od &#8211; Do<\/th><th>Pozn\u00e1mka<\/th><\/tr><\/thead><tbody><tr><td>pond\u011bl\u00ed<\/td><td>7:30 \u2013 12:00<\/td><td>12:30 \u2013 13:30*<\/td><td>*objednan\u00ed<\/td><\/tr><tr><td>\u00fater\u00fd<\/td><td>7:30 \u2013 12:00<\/td><td>12:30 \u2013 13:30*<\/td><td><\/td><\/tr><tr><td>st\u0159eda<\/td><td>7:30 \u2013 12:00<\/td><td>14:00 \u2013 15:00*<\/td><td>15:00 &#8211; 18:00<\/td><\/tr><tr><td>\u010dtvrtek<\/td><td>7:30 \u2013 12:00<\/td><td>12:30 \u2013 13:30*<\/td><td><\/td><\/tr><tr><td>p\u00e1tek<\/td><td>7:30 \u2013 11:30<\/td><td>12:00 \u2013 13:00*<\/td><td><\/td><\/tr><\/tbody><\/table><\/figure>\n\n\n\n<p><a href=\"http:\/\/old.poliklinikaslovany.cz\/seznam-ordinaci\">Zp\u011bt<\/a><\/p>\n","protected":false},"excerpt":{"rendered":"<p>Ordinuj\u00edc\u00ed l\u00e9ka\u0159:&nbsp;MUDr. Zden\u011bk Va\u0161ta Telefon:&nbsp;378&nbsp;014&nbsp;247 Um\u00edst\u011bn\u00ed:&nbsp;p\u0159\u00edzem\u00ed, \u010d\u00e1st budovy A Provozn\u00ed doba: Od &#8211; Do Od &#8211; Do Pozn\u00e1mka pond\u011bl\u00ed 08:00 &#8211; 12:00 13:00 \u2013 18:00* [&#8230;]<\/p>\n","protected":false},"author":1,"featured_media":0,"parent":71,"menu_order":0,"comment_status":"closed","ping_status":"closed","template":"","meta":{"footnotes":""},"class_list":["post-312","page","type-page","status-publish","hentry"],"acf":[],"_links":{"self":[{"href":"https:\/\/www.poliklinikaslovany.cz\/index.php\/wp-json\/wp\/v2\/pages\/312","targetHints":{"allow":["GET"]}}],"collection":[{"href":"https:\/\/www.poliklinikaslovany.cz\/index.php\/wp-json\/wp\/v2\/pages"}],"about":[{"href":"https:\/\/www.poliklinikaslovany.cz\/index.php\/wp-json\/wp\/v2\/types\/page"}],"author":[{"embeddable":true,"href":"https:\/\/www.poliklinikaslovany.cz\/index.php\/wp-json\/wp\/v2\/users\/1"}],"replies":[{"embeddable":true,"href":"https:\/\/www.poliklinikaslovany.cz\/index.php\/wp-json\/wp\/v2\/comments?post=312"}],"version-history":[{"count":11,"href":"https:\/\/www.poliklinikaslovany.cz\/index.php\/wp-json\/wp\/v2\/pages\/312\/revisions"}],"predecessor-version":[{"id":680,"href":"https:\/\/www.poliklinikaslovany.cz\/index.php\/wp-json\/wp\/v2\/pages\/312\/revisions\/680"}],"up":[{"embeddable":true,"href":"https:\/\/www.poliklinikaslovany.cz\/index.php\/wp-json\/wp\/v2\/pages\/71"}],"wp:attachment":[{"href":"https:\/\/www.poliklinikaslovany.cz\/index.php\/wp-json\/wp\/v2\/media?parent=312"}],"curies":[{"name":"wp","href":"https:\/\/api.w.org\/{rel}","templated":true}]}}