{"id":316,"date":"2023-12-10T21:46:08","date_gmt":"2023-12-10T20:46:08","guid":{"rendered":"https:\/\/www.poliklinikaslovany.cz\/?page_id=316"},"modified":"2025-01-06T09:52:38","modified_gmt":"2025-01-06T08:52:38","slug":"vyzivove-poradenstvi","status":"publish","type":"page","link":"https:\/\/www.poliklinikaslovany.cz\/index.php\/seznam-ordinaci\/vyzivove-poradenstvi\/","title":{"rendered":"V\u00fd\u017eivov\u00e9 poradenstv\u00ed"},"content":{"rendered":"\n<p><strong>Provozovna:<\/strong>&nbsp;V\u00fd\u017eivov\u00e9 poradenstv\u00ed, kosmetika, mas\u00e1\u017ee (Studio REFRESH)<\/p>\n\n\n\n<p><strong>Zodpov\u011bdn\u00e1 osoba:&nbsp;<\/strong>Vendula Hankov\u00e1<\/p>\n\n\n\n<p><strong>Telefon:&nbsp;<\/strong>739&nbsp;631&nbsp;457<\/p>\n\n\n\n<p><strong>Um\u00edst\u011bn\u00ed:&nbsp;<\/strong>p\u0159\u00edzem\u00ed, \u010d\u00e1st budovy B<\/p>\n\n\n\n<figure class=\"wp-block-table\"><table><thead><tr><th>Provozn\u00ed doba:<\/th><th>Od &#8211; Do<\/th><th>Od &#8211; Do<\/th><th>Pozn\u00e1mka<\/th><\/tr><\/thead><tbody><tr><td>pond\u011bl\u00ed<\/td><td>dle objedn\u00e1vek<\/td><td>&#8211;<\/td><td><\/td><\/tr><tr><td>\u00fater\u00fd<\/td><td>dle objedn\u00e1vek<\/td><td>&#8211;<\/td><td><\/td><\/tr><tr><td>st\u0159eda<\/td><td>dle objedn\u00e1vek<\/td><td>&#8211;<\/td><td><\/td><\/tr><tr><td>\u010dtvrtek<\/td><td>dle objedn\u00e1vek<\/td><td>&#8211;<\/td><td><\/td><\/tr><tr><td>p\u00e1tek<\/td><td>dle objedn\u00e1vek<\/td><td>&#8211;<\/td><td><\/td><\/tr><\/tbody><\/table><\/figure>\n\n\n\n<p><strong>Provozovna:<\/strong>&nbsp;Studio REFRESH \u2013 akupunktura, komeopatie, \u010d\u00ednsk\u00e1 medic\u00edna<a href=\"http:\/\/old.poliklinikaslovany.cz\/seznam-ordinaci\"><\/a><\/p>\n\n\n\n<details class=\"wp-block-details is-layout-flow wp-block-details-is-layout-flow\"><summary><strong>Zodpov\u011bdn\u00e1 osoba:<\/strong>&nbsp;MUDr. Ivan Demkovi\u010d<br><\/summary>\n<p><\/p>\n<\/details>\n\n\n\n<details class=\"wp-block-details is-layout-flow wp-block-details-is-layout-flow\"><summary><strong>Telefon:&nbsp;<\/strong>723 182 488<br><br><strong>Um\u00edst\u011bn\u00ed:&nbsp;<\/strong>p\u0159\u00edzem\u00ed, \u010d\u00e1st budovy B<\/summary>\n<p><\/p>\n<\/details>\n\n\n\n<ul class=\"wp-block-list\">\n<li><\/li>\n<\/ul>\n\n\n\n<figure class=\"wp-block-table\"><table><thead><tr><th>Provozn\u00ed doba:<\/th><th>Od &#8211; Do<\/th><th>Od &#8211; Do<\/th><th>Pozn\u00e1mka<\/th><\/tr><\/thead><tbody><tr><td>pond\u011bl\u00ed<\/td><td>dle objedn\u00e1vek<\/td><td>&#8211;<\/td><td><\/td><\/tr><tr><td>\u00fater\u00fd<\/td><td>dle objedn\u00e1vek<\/td><td>&#8211;<\/td><td><\/td><\/tr><tr><td>st\u0159eda<\/td><td>dle objedn\u00e1vek<\/td><td>&#8211;<\/td><td><\/td><\/tr><tr><td>\u010dtvrtek<\/td><td>dle objedn\u00e1vek<\/td><td>&#8211;<\/td><td><\/td><\/tr><tr><td>p\u00e1tek<\/td><td>dle objedn\u00e1vek<\/td><td>&#8211;<\/td><td><\/td><\/tr><\/tbody><\/table><\/figure>\n","protected":false},"excerpt":{"rendered":"<p>Provozovna:&nbsp;V\u00fd\u017eivov\u00e9 poradenstv\u00ed, kosmetika, mas\u00e1\u017ee (Studio REFRESH) Zodpov\u011bdn\u00e1 osoba:&nbsp;Vendula Hankov\u00e1 Telefon:&nbsp;739&nbsp;631&nbsp;457 Um\u00edst\u011bn\u00ed:&nbsp;p\u0159\u00edzem\u00ed, \u010d\u00e1st budovy B Provozn\u00ed doba: Od &#8211; Do Od &#8211; Do Pozn\u00e1mka pond\u011bl\u00ed dle [&#8230;]<\/p>\n","protected":false},"author":1,"featured_media":0,"parent":71,"menu_order":0,"comment_status":"closed","ping_status":"closed","template":"","meta":{"footnotes":""},"class_list":["post-316","page","type-page","status-publish","hentry"],"acf":[],"_links":{"self":[{"href":"https:\/\/www.poliklinikaslovany.cz\/index.php\/wp-json\/wp\/v2\/pages\/316","targetHints":{"allow":["GET"]}}],"collection":[{"href":"https:\/\/www.poliklinikaslovany.cz\/index.php\/wp-json\/wp\/v2\/pages"}],"about":[{"href":"https:\/\/www.poliklinikaslovany.cz\/index.php\/wp-json\/wp\/v2\/types\/page"}],"author":[{"embeddable":true,"href":"https:\/\/www.poliklinikaslovany.cz\/index.php\/wp-json\/wp\/v2\/users\/1"}],"replies":[{"embeddable":true,"href":"https:\/\/www.poliklinikaslovany.cz\/index.php\/wp-json\/wp\/v2\/comments?post=316"}],"version-history":[{"count":6,"href":"https:\/\/www.poliklinikaslovany.cz\/index.php\/wp-json\/wp\/v2\/pages\/316\/revisions"}],"predecessor-version":[{"id":537,"href":"https:\/\/www.poliklinikaslovany.cz\/index.php\/wp-json\/wp\/v2\/pages\/316\/revisions\/537"}],"up":[{"embeddable":true,"href":"https:\/\/www.poliklinikaslovany.cz\/index.php\/wp-json\/wp\/v2\/pages\/71"}],"wp:attachment":[{"href":"https:\/\/www.poliklinikaslovany.cz\/index.php\/wp-json\/wp\/v2\/media?parent=316"}],"curies":[{"name":"wp","href":"https:\/\/api.w.org\/{rel}","templated":true}]}}