{"id":321,"date":"2023-12-10T21:49:45","date_gmt":"2023-12-10T20:49:45","guid":{"rendered":"https:\/\/www.poliklinikaslovany.cz\/?page_id=321"},"modified":"2026-01-07T12:21:17","modified_gmt":"2026-01-07T11:21:17","slug":"radiogiagnostika-a-sonografie-2","status":"publish","type":"page","link":"https:\/\/www.poliklinikaslovany.cz\/index.php\/seznam-ordinaci\/radiogiagnostika-a-sonografie-2\/","title":{"rendered":"Radiodiagnostika a sonografie"},"content":{"rendered":"\n<p>PRIVAMED, a. s., I\u010cO: 46885251<\/p>\n\n\n\n<p><strong>Telefon:<\/strong>&nbsp;737 319 404<\/p>\n\n\n\n<p><strong>Um\u00edst\u011bn\u00ed:<\/strong>&nbsp;2. patro, \u010d\u00e1st budovy B<\/p>\n\n\n\n<p><strong>Provozn\u00ed doba RDG pracovi\u0161t\u011b<\/strong><\/p>\n\n\n\n<figure class=\"wp-block-table\"><table><thead><tr><th>Ordina\u010dn\u00ed doba<\/th><th>Od &#8211; Do<\/th><th>Od &#8211; Do<\/th><th>Pozn\u00e1mka<\/th><\/tr><\/thead><tbody><tr><td>pond\u011bl\u00ed<\/td><td>7:00 \u2013 15:00<\/td><td>\u2013 <\/td><td><\/td><\/tr><tr><td>\u00fater\u00fd<\/td><td>7:00 \u2013 15:30<\/td><td>\u2013 <\/td><td><\/td><\/tr><tr><td>st\u0159eda<\/td><td>7:00 \u2013 15:00<\/td><td>\u2013 <\/td><td><\/td><\/tr><tr><td>\u010dtvrtek<\/td><td>7:00 \u2013 15:00<\/td><td>\u2013 <\/td><td><\/td><\/tr><tr><td>p\u00e1tek<\/td><td>7:00 \u2013 14:30<\/td><td>\u2013 <\/td><td><\/td><\/tr><\/tbody><\/table><\/figure>\n\n\n\n<p><strong>Provozn\u00ed doba SONO pro <strong><u>AKUTN\u00cd<\/u><\/strong> a ostatn\u00ed dle objedn\u00e1n\u00ed<\/strong><\/p>\n\n\n\n<figure class=\"wp-block-table\"><table><thead><tr><th>Ordina\u010dn\u00ed doba<\/th><th>Od &#8211; Do<\/th><th>Od &#8211; Do<\/th><th>Pozn\u00e1mka<\/th><\/tr><\/thead><tbody><tr><td>pond\u011bl\u00ed<\/td><td>\u2013<\/td><td>\u2013 <\/td><td><\/td><\/tr><tr><td>\u00fater\u00fd<\/td><td>7:00 \u2013 14:00<\/td><td>\u2013 <\/td><td><\/td><\/tr><tr><td>st\u0159eda<\/td><td>\u2013<\/td><td>\u2013 <\/td><td><\/td><\/tr><tr><td>\u010dtvrtek<\/td><td>7:30 \u2013 14:00<\/td><td>\u2013 <\/td><td><\/td><\/tr><tr><td>p\u00e1tek<\/td><td>\u2013<\/td><td>\u2013 <\/td><td><\/td><\/tr><\/tbody><\/table><\/figure>\n\n\n\n<p><\/p>\n","protected":false},"excerpt":{"rendered":"<p>PRIVAMED, a. s., I\u010cO: 46885251 Telefon:&nbsp;737 319 404 Um\u00edst\u011bn\u00ed:&nbsp;2. patro, \u010d\u00e1st budovy B Provozn\u00ed doba RDG pracovi\u0161t\u011b Ordina\u010dn\u00ed doba Od &#8211; Do Od &#8211; Do [&#8230;]<\/p>\n","protected":false},"author":1,"featured_media":0,"parent":71,"menu_order":0,"comment_status":"closed","ping_status":"closed","template":"","meta":{"footnotes":""},"class_list":["post-321","page","type-page","status-publish","hentry"],"acf":[],"_links":{"self":[{"href":"https:\/\/www.poliklinikaslovany.cz\/index.php\/wp-json\/wp\/v2\/pages\/321","targetHints":{"allow":["GET"]}}],"collection":[{"href":"https:\/\/www.poliklinikaslovany.cz\/index.php\/wp-json\/wp\/v2\/pages"}],"about":[{"href":"https:\/\/www.poliklinikaslovany.cz\/index.php\/wp-json\/wp\/v2\/types\/page"}],"author":[{"embeddable":true,"href":"https:\/\/www.poliklinikaslovany.cz\/index.php\/wp-json\/wp\/v2\/users\/1"}],"replies":[{"embeddable":true,"href":"https:\/\/www.poliklinikaslovany.cz\/index.php\/wp-json\/wp\/v2\/comments?post=321"}],"version-history":[{"count":16,"href":"https:\/\/www.poliklinikaslovany.cz\/index.php\/wp-json\/wp\/v2\/pages\/321\/revisions"}],"predecessor-version":[{"id":648,"href":"https:\/\/www.poliklinikaslovany.cz\/index.php\/wp-json\/wp\/v2\/pages\/321\/revisions\/648"}],"up":[{"embeddable":true,"href":"https:\/\/www.poliklinikaslovany.cz\/index.php\/wp-json\/wp\/v2\/pages\/71"}],"wp:attachment":[{"href":"https:\/\/www.poliklinikaslovany.cz\/index.php\/wp-json\/wp\/v2\/media?parent=321"}],"curies":[{"name":"wp","href":"https:\/\/api.w.org\/{rel}","templated":true}]}}