{"id":667,"date":"2026-01-14T16:12:44","date_gmt":"2026-01-14T15:12:44","guid":{"rendered":"https:\/\/www.poliklinikaslovany.cz\/?page_id=667"},"modified":"2026-01-14T16:13:00","modified_gmt":"2026-01-14T15:13:00","slug":"vseobecna-zdravotni-pojistovna-ceske-republiky","status":"publish","type":"page","link":"https:\/\/www.poliklinikaslovany.cz\/index.php\/seznam-ordinaci\/vseobecna-zdravotni-pojistovna-ceske-republiky\/","title":{"rendered":"V\u0161eobecn\u00e1 zdravotn\u00ed poji\u0161\u0165ovna \u010cesk\u00e9 republiky"},"content":{"rendered":"\n<p><strong>Telefon:\u00a0<\/strong>+420 952 222 222<\/p>\n\n\n\n<p><strong>Um\u00edst\u011bn\u00ed:\u00a0<\/strong>budova Polikliniky Plze\u0148 Slovany, samostatn\u00fd vchod<\/p>\n\n\n\n<figure class=\"wp-block-table\"><table><thead><tr><th>Provozn\u00ed doba:<\/th><th>Od &#8211; Do<\/th><\/tr><\/thead><tbody><tr><td>pond\u011bl\u00ed<\/td><td>8:00 \u2013 17:00<\/td><\/tr><tr><td>\u00fater\u00fd<\/td><td>pouze pro objednan\u00e9<\/td><\/tr><tr><td>st\u0159eda<\/td><td>8:00 \u2013 17:00<\/td><\/tr><tr><td>\u010dtvrtek<\/td><td>08:00 &#8211; 15:00<\/td><\/tr><tr><td>p\u00e1tek<\/td><td>08:00 &#8211; 14:00<\/td><\/tr><\/tbody><\/table><\/figure>\n","protected":false},"excerpt":{"rendered":"<p>Telefon:\u00a0+420 952 222 222 Um\u00edst\u011bn\u00ed:\u00a0budova Polikliniky Plze\u0148 Slovany, samostatn\u00fd vchod Provozn\u00ed doba: Od &#8211; Do pond\u011bl\u00ed 8:00 \u2013 17:00 \u00fater\u00fd pouze pro objednan\u00e9 st\u0159eda 8:00 [&#8230;]<\/p>\n","protected":false},"author":1,"featured_media":0,"parent":71,"menu_order":0,"comment_status":"closed","ping_status":"closed","template":"","meta":{"footnotes":""},"class_list":["post-667","page","type-page","status-publish","hentry"],"acf":[],"_links":{"self":[{"href":"https:\/\/www.poliklinikaslovany.cz\/index.php\/wp-json\/wp\/v2\/pages\/667","targetHints":{"allow":["GET"]}}],"collection":[{"href":"https:\/\/www.poliklinikaslovany.cz\/index.php\/wp-json\/wp\/v2\/pages"}],"about":[{"href":"https:\/\/www.poliklinikaslovany.cz\/index.php\/wp-json\/wp\/v2\/types\/page"}],"author":[{"embeddable":true,"href":"https:\/\/www.poliklinikaslovany.cz\/index.php\/wp-json\/wp\/v2\/users\/1"}],"replies":[{"embeddable":true,"href":"https:\/\/www.poliklinikaslovany.cz\/index.php\/wp-json\/wp\/v2\/comments?post=667"}],"version-history":[{"count":1,"href":"https:\/\/www.poliklinikaslovany.cz\/index.php\/wp-json\/wp\/v2\/pages\/667\/revisions"}],"predecessor-version":[{"id":669,"href":"https:\/\/www.poliklinikaslovany.cz\/index.php\/wp-json\/wp\/v2\/pages\/667\/revisions\/669"}],"up":[{"embeddable":true,"href":"https:\/\/www.poliklinikaslovany.cz\/index.php\/wp-json\/wp\/v2\/pages\/71"}],"wp:attachment":[{"href":"https:\/\/www.poliklinikaslovany.cz\/index.php\/wp-json\/wp\/v2\/media?parent=667"}],"curies":[{"name":"wp","href":"https:\/\/api.w.org\/{rel}","templated":true}]}}