{"id":69,"date":"2023-12-03T13:55:08","date_gmt":"2023-12-03T12:55:08","guid":{"rendered":"https:\/\/www.poliklinikaslovany.cz\/?page_id=69"},"modified":"2024-06-15T14:12:30","modified_gmt":"2024-06-15T12:12:30","slug":"o-nas","status":"publish","type":"page","link":"https:\/\/www.poliklinikaslovany.cz\/index.php\/o-nas\/","title":{"rendered":"O n\u00e1s"},"content":{"rendered":"\n<div class=\"wp-block-columns is-layout-flex wp-container-core-columns-is-layout-9d6595d7 wp-block-columns-is-layout-flex\">\n<div class=\"wp-block-column is-layout-flow wp-block-column-is-layout-flow\">\n<p>Spole\u010dnost Poliklinika Plze\u0148 Slovany s.r.o. ji\u017e \u0159adu let p\u016fsob\u00ed v&nbsp;oblasti poskytov\u00e1n\u00ed zdravotnick\u00fdch slu\u017eeb a pat\u0159\u00ed mezi nejv\u011bt\u0161\u00ed plze\u0148sk\u00e9 polikliniky. Na\u0161\u00edm c\u00edlem je zaji\u0161t\u011bn\u00ed kvalitn\u00edch zdravotn\u00edch slu\u017eeb v&nbsp;budov\u011b polikliniky prost\u0159ednictv\u00edm l\u00e9ka\u0159sk\u00fdch pracovi\u0161\u0165, kter\u00e1 v&nbsp;budov\u011b polikliniky p\u016fsob\u00ed. Poliklinika disponuje RTG a SONO pracovi\u0161t\u011bm, laborato\u0159\u00ed a dal\u0161\u00edmi specializovan\u00fdmi pracovi\u0161ti. V&nbsp;budov\u011b polikliniky je rovn\u011b\u017e l\u00e9k\u00e1rna.<\/p>\n\n\n\n<p>Na\u0161\u00edm c\u00edlem je i nad\u00e1le investovat do zaji\u0161t\u011bn\u00ed kvalitn\u00edch prostor pro l\u00e9ka\u0159skou p\u00e9\u010di tak, aby obyvatel\u00e9 Slovan, ale i jin\u00fdch m\u011bstsk\u00fdch \u010d\u00e1st\u00ed, m\u011bli k&nbsp;dispozici vynikaj\u00edc\u00ed a dostupnou l\u00e9ka\u0159skou p\u00e9\u010di v&nbsp;r\u00e1mci jednoho m\u00edsta a mohli vyu\u017e\u00edvat slu\u017eeb cel\u00e9 \u0159ady l\u00e9ka\u0159\u016f bez toho, aby museli v&nbsp;r\u00e1mci jednotliv\u00fdch vy\u0161et\u0159en\u00ed opustit budovu polikliniky.<\/p>\n<\/div>\n\n\n\n<div class=\"wp-block-column is-layout-flow wp-block-column-is-layout-flow\">\n<figure class=\"wp-block-image size-full\"><img loading=\"lazy\" decoding=\"async\" width=\"2560\" height=\"1183\" src=\"https:\/\/www.poliklinikaslovany.cz\/wp-content\/uploads\/IMG_20240411_114241-scaled.jpg\" alt=\"\" class=\"wp-image-494\" srcset=\"https:\/\/www.poliklinikaslovany.cz\/wp-content\/uploads\/IMG_20240411_114241-scaled.jpg 2560w, https:\/\/www.poliklinikaslovany.cz\/wp-content\/uploads\/IMG_20240411_114241-300x139.jpg 300w, https:\/\/www.poliklinikaslovany.cz\/wp-content\/uploads\/IMG_20240411_114241-1024x473.jpg 1024w, https:\/\/www.poliklinikaslovany.cz\/wp-content\/uploads\/IMG_20240411_114241-768x355.jpg 768w, https:\/\/www.poliklinikaslovany.cz\/wp-content\/uploads\/IMG_20240411_114241-1536x710.jpg 1536w, https:\/\/www.poliklinikaslovany.cz\/wp-content\/uploads\/IMG_20240411_114241-2048x946.jpg 2048w\" sizes=\"auto, (max-width: 2560px) 100vw, 2560px\" \/><\/figure>\n<\/div>\n<\/div>\n","protected":false},"excerpt":{"rendered":"<p>Spole\u010dnost Poliklinika Plze\u0148 Slovany s.r.o. ji\u017e \u0159adu let p\u016fsob\u00ed v&nbsp;oblasti poskytov\u00e1n\u00ed zdravotnick\u00fdch slu\u017eeb a pat\u0159\u00ed mezi nejv\u011bt\u0161\u00ed plze\u0148sk\u00e9 polikliniky. Na\u0161\u00edm c\u00edlem je zaji\u0161t\u011bn\u00ed kvalitn\u00edch zdravotn\u00edch [&#8230;]<\/p>\n","protected":false},"author":1,"featured_media":0,"parent":0,"menu_order":0,"comment_status":"closed","ping_status":"closed","template":"templates\/template-fullwidth.php","meta":{"footnotes":""},"class_list":["post-69","page","type-page","status-publish","hentry"],"acf":[],"_links":{"self":[{"href":"https:\/\/www.poliklinikaslovany.cz\/index.php\/wp-json\/wp\/v2\/pages\/69","targetHints":{"allow":["GET"]}}],"collection":[{"href":"https:\/\/www.poliklinikaslovany.cz\/index.php\/wp-json\/wp\/v2\/pages"}],"about":[{"href":"https:\/\/www.poliklinikaslovany.cz\/index.php\/wp-json\/wp\/v2\/types\/page"}],"author":[{"embeddable":true,"href":"https:\/\/www.poliklinikaslovany.cz\/index.php\/wp-json\/wp\/v2\/users\/1"}],"replies":[{"embeddable":true,"href":"https:\/\/www.poliklinikaslovany.cz\/index.php\/wp-json\/wp\/v2\/comments?post=69"}],"version-history":[{"count":6,"href":"https:\/\/www.poliklinikaslovany.cz\/index.php\/wp-json\/wp\/v2\/pages\/69\/revisions"}],"predecessor-version":[{"id":495,"href":"https:\/\/www.poliklinikaslovany.cz\/index.php\/wp-json\/wp\/v2\/pages\/69\/revisions\/495"}],"wp:attachment":[{"href":"https:\/\/www.poliklinikaslovany.cz\/index.php\/wp-json\/wp\/v2\/media?parent=69"}],"curies":[{"name":"wp","href":"https:\/\/api.w.org\/{rel}","templated":true}]}}