{"id":71,"date":"2023-12-03T13:56:01","date_gmt":"2023-12-03T12:56:01","guid":{"rendered":"https:\/\/www.poliklinikaslovany.cz\/?page_id=71"},"modified":"2026-03-26T09:54:36","modified_gmt":"2026-03-26T08:54:36","slug":"seznam-ordinaci","status":"publish","type":"page","link":"https:\/\/www.poliklinikaslovany.cz\/index.php\/seznam-ordinaci\/","title":{"rendered":"Seznam ordinac\u00ed"},"content":{"rendered":"\n<div class=\"wp-block-columns is-layout-flex wp-container-core-columns-is-layout-9d6595d7 wp-block-columns-is-layout-flex\">\n<div class=\"wp-block-column is-layout-flow wp-block-column-is-layout-flow\">\n<p><a href=\"https:\/\/www.poliklinikaslovany.cz\/index.php\/seznam-ordinaci\/alergologie\/\" data-type=\"page\" data-id=\"159\">Alergologie<\/a><\/p>\n\n\n\n<p><a href=\"https:\/\/www.poliklinikaslovany.cz\/index.php\/seznam-ordinaci\/diabetologie-a-interna\/\" data-type=\"page\" data-id=\"163\">Diabetologie a interna<\/a><\/p>\n\n\n\n<p><a href=\"https:\/\/www.poliklinikaslovany.cz\/?page_id=467\" data-type=\"page\" data-id=\"467\">D\u011btsk\u00e1 kardiologie<\/a><\/p>\n\n\n\n<p><a href=\"https:\/\/www.poliklinikaslovany.cz\/index.php\/seznam-ordinaci\/fyzioterapie\/\" data-type=\"page\" data-id=\"252\">Fyzioterapie<\/a><\/p>\n\n\n\n<p><a href=\"https:\/\/www.poliklinikaslovany.cz\/index.php\/seznam-ordinaci\/chirurgicka-ambulance\/\" data-type=\"page\" data-id=\"258\">Chirurgick\u00e1 ambulance<\/a><\/p>\n\n\n\n<p><a href=\"https:\/\/www.poliklinikaslovany.cz\/index.php\/seznam-ordinaci\/interna-a-revmatologie\/\" data-type=\"page\" data-id=\"260\">Interna a revmatologie<\/a><\/p>\n\n\n\n<p><a href=\"https:\/\/www.poliklinikaslovany.cz\/index.php\/seznam-ordinaci\/kalmetizace\/\" data-type=\"page\" data-id=\"262\">Kalmetizace<\/a><\/p>\n\n\n\n<p><a href=\"https:\/\/www.poliklinikaslovany.cz\/index.php\/seznam-ordinaci\/kozni-ordinace\/\" data-type=\"page\" data-id=\"416\">Ko\u017en\u00ed ordinace<\/a><\/p>\n\n\n\n<p><a href=\"https:\/\/www.poliklinikaslovany.cz\/index.php\/seznam-ordinaci\/logopedie\/\" data-type=\"page\" data-id=\"264\">Logopedie<\/a><\/p>\n\n\n\n<p><a href=\"https:\/\/www.poliklinikaslovany.cz\/index.php\/seznam-ordinaci\/lekarna-a-vydejna-zdravotnickych-potreb\/\" data-type=\"page\" data-id=\"266\">L\u00e9k\u00e1rna<\/a><\/p>\n\n\n\n<p><a href=\"https:\/\/www.poliklinikaslovany.cz\/index.php\/seznam-ordinaci\/lymfoterapie-a-rekondice\/\" data-type=\"page\" data-id=\"268\">Lymfoterapie a rekondice<\/a><\/p>\n\n\n\n<p><a href=\"https:\/\/www.poliklinikaslovany.cz\/index.php\/seznam-ordinaci\/neurologie\/\" data-type=\"page\" data-id=\"270\">Neurologie<\/a><\/p>\n\n\n\n<p><a href=\"https:\/\/www.poliklinikaslovany.cz\/index.php\/seznam-ordinaci\/ocni-ambulance\/\" data-type=\"page\" data-id=\"272\">O\u010dn\u00ed ambulance<\/a><\/p>\n\n\n\n<p><a href=\"https:\/\/www.poliklinikaslovany.cz\/index.php\/seznam-ordinaci\/odberova-mistnost\/\" data-type=\"page\" data-id=\"274\">Odb\u011brov\u00e1 m\u00edstnost<\/a><\/p>\n\n\n\n<p><a href=\"https:\/\/www.poliklinikaslovany.cz\/index.php\/seznam-ordinaci\/orl-ambulance\/\" data-type=\"page\" data-id=\"276\">ORL ambulance<\/a><\/p>\n\n\n\n<p><a href=\"https:\/\/www.poliklinikaslovany.cz\/index.php\/seznam-ordinaci\/ortopedie-ambulance\/\" data-type=\"page\" data-id=\"288\">Ortopedie ambulance<\/a><\/p>\n\n\n\n<p><a href=\"https:\/\/www.poliklinikaslovany.cz\/index.php\/seznam-ordinaci\/ostatni-provozovny\/\" data-type=\"page\" data-id=\"290\">Ostatn\u00ed provozovny<\/a><\/p>\n<\/div>\n\n\n\n<div class=\"wp-block-column is-layout-flow wp-block-column-is-layout-flow\">\n<p><a href=\"https:\/\/www.poliklinikaslovany.cz\/index.php\/seznam-ordinaci\/plasticka-a-esteticka-chirurgie\/\" data-type=\"page\" data-id=\"292\">Plastick\u00e1 a estetick\u00e1 chirurgie<\/a><\/p>\n\n\n\n<p><a href=\"https:\/\/www.poliklinikaslovany.cz\/index.php\/seznam-ordinaci\/plicni-ambulance\/\" data-type=\"page\" data-id=\"294\">Plicn\u00ed ambulance<\/a><\/p>\n\n\n\n<p><a href=\"https:\/\/www.poliklinikaslovany.cz\/index.php\/seznam-ordinaci\/poradna-osobniho-rozvoje\/\" data-type=\"page\" data-id=\"296\">Poradna osobn\u00edho rozvoje<\/a><\/p>\n\n\n\n<p><a href=\"https:\/\/www.poliklinikaslovany.cz\/index.php\/seznam-ordinaci\/protialkoholni-zachytna-stanice\/\" data-type=\"page\" data-id=\"298\">Protialkoholn\u00ed z\u00e1chytn\u00e1 stanice<\/a><\/p>\n\n\n\n<p><a href=\"https:\/\/www.poliklinikaslovany.cz\/index.php\/seznam-ordinaci\/psychiatrie-a-at-poradna\/\" data-type=\"page\" data-id=\"300\">Psychiatrie a AT poradna<\/a><\/p>\n\n\n\n<p><a href=\"https:\/\/www.poliklinikaslovany.cz\/index.php\/seznam-ordinaci\/psychologicke-poradenstvi\/\" data-type=\"page\" data-id=\"302\">Psychologick\u00e9 poradenstv\u00ed<\/a><\/p>\n\n\n\n<p><a href=\"https:\/\/www.poliklinikaslovany.cz\/index.php\/seznam-ordinaci\/radiogiagnostika-a-sonografie-2\/\" data-type=\"page\" data-id=\"321\">Radiodiagnostika a sonografie<\/a><\/p>\n\n\n\n<p><a href=\"https:\/\/www.poliklinikaslovany.cz\/index.php\/seznam-ordinaci\/rehabilitace\/\" data-type=\"page\" data-id=\"306\">Rehabilitace<\/a><\/p>\n\n\n\n<p><a href=\"https:\/\/www.poliklinikaslovany.cz\/index.php\/seznam-ordinaci\/stomatologie\/\" data-type=\"page\" data-id=\"310\">Stomatologie<\/a><\/p>\n\n\n\n<p><a href=\"https:\/\/www.poliklinikaslovany.cz\/index.php\/seznam-ordinaci\/vseobecna-zdravotni-pojistovna-ceske-republiky\/\" data-type=\"page\" data-id=\"667\">V\u0161eobecn\u00e1 zdravotn\u00ed poji\u0161\u0165ovna \u010cesk\u00e9 republiky<\/a><\/p>\n\n\n\n<p><a href=\"https:\/\/www.poliklinikaslovany.cz\/index.php\/seznam-ordinaci\/vseobecne-prakticke-lekarstvi-pro-dospele\/\" data-type=\"page\" data-id=\"312\">V\u0161eobecn\u00e9 praktick\u00e9 l\u00e9ka\u0159stv\u00ed pro dosp\u011bl\u00e9<\/a><\/p>\n\n\n\n<p><a href=\"https:\/\/www.poliklinikaslovany.cz\/index.php\/seznam-ordinaci\/vseobecne-prakticke-lekarstvi-pro-deti-a-dorost\/\" data-type=\"page\" data-id=\"314\">V\u0161eobecn\u00e9 praktick\u00e9 l\u00e9ka\u0159stv\u00ed pro d\u011bti a dorost<\/a><\/p>\n\n\n\n<p><a href=\"https:\/\/www.poliklinikaslovany.cz\/index.php\/seznam-ordinaci\/vyzivove-poradenstvi\/\" data-type=\"page\" data-id=\"316\">V\u00fd\u017eivov\u00e9 poradenstv\u00ed<\/a><\/p>\n\n\n\n<p><a href=\"https:\/\/www.poliklinikaslovany.cz\/index.php\/seznam-ordinaci\/zubni-laborator\/\" data-type=\"page\" data-id=\"318\">Zubn\u00ed laborato\u0159<\/a><\/p>\n<\/div>\n<\/div>\n","protected":false},"excerpt":{"rendered":"<p>Alergologie Diabetologie a interna D\u011btsk\u00e1 kardiologie Fyzioterapie Chirurgick\u00e1 ambulance Interna a revmatologie Kalmetizace Ko\u017en\u00ed ordinace Logopedie L\u00e9k\u00e1rna Lymfoterapie a rekondice Neurologie O\u010dn\u00ed ambulance Odb\u011brov\u00e1 m\u00edstnost [&#8230;]<\/p>\n","protected":false},"author":1,"featured_media":0,"parent":0,"menu_order":0,"comment_status":"closed","ping_status":"closed","template":"templates\/template-fullwidth.php","meta":{"footnotes":""},"class_list":["post-71","page","type-page","status-publish","hentry"],"acf":[],"_links":{"self":[{"href":"https:\/\/www.poliklinikaslovany.cz\/index.php\/wp-json\/wp\/v2\/pages\/71","targetHints":{"allow":["GET"]}}],"collection":[{"href":"https:\/\/www.poliklinikaslovany.cz\/index.php\/wp-json\/wp\/v2\/pages"}],"about":[{"href":"https:\/\/www.poliklinikaslovany.cz\/index.php\/wp-json\/wp\/v2\/types\/page"}],"author":[{"embeddable":true,"href":"https:\/\/www.poliklinikaslovany.cz\/index.php\/wp-json\/wp\/v2\/users\/1"}],"replies":[{"embeddable":true,"href":"https:\/\/www.poliklinikaslovany.cz\/index.php\/wp-json\/wp\/v2\/comments?post=71"}],"version-history":[{"count":38,"href":"https:\/\/www.poliklinikaslovany.cz\/index.php\/wp-json\/wp\/v2\/pages\/71\/revisions"}],"predecessor-version":[{"id":682,"href":"https:\/\/www.poliklinikaslovany.cz\/index.php\/wp-json\/wp\/v2\/pages\/71\/revisions\/682"}],"wp:attachment":[{"href":"https:\/\/www.poliklinikaslovany.cz\/index.php\/wp-json\/wp\/v2\/media?parent=71"}],"curies":[{"name":"wp","href":"https:\/\/api.w.org\/{rel}","templated":true}]}}